{"id":1629,"date":"2022-03-24T15:14:15","date_gmt":"2022-03-24T18:14:15","guid":{"rendered":"https:\/\/klimasul.com.br\/?post_type=product&#038;p=1629"},"modified":"2022-03-24T15:23:37","modified_gmt":"2022-03-24T18:23:37","slug":"tcy3-t0121r-u-controlador-eletronico-universal","status":"publish","type":"product","link":"https:\/\/klimasul.com.br\/?product=tcy3-t0121r-u-controlador-eletronico-universal","title":{"rendered":"TCY3-T0121R-U &#8211; Controlador Eletr\u00f4nico Universal"},"content":{"rendered":"<p><b>Controlador Elet\u00f4nico Universal<\/b><\/p>\n<p>O TCY3-T0121R-U possui duas malhas de controle distintas sendo que cada uma pode usar at\u00e9 2 segu\u00eancias PID e 4 sequ\u00eancias bin\u00e1rias.<br \/>\nPossui um sensor de temperatura NTC interno e uma entrada anal\u00f3gica.<br \/>\nAs configura\u00e7\u00f5es s\u00e3o facilmente inseridas usando-se as teclas do painel.<br \/>\nAplicado no controle de umidade e press\u00e3o em fan-coils; no controle de aquecimento, umidade e velocidade de ventiladores; no ar de insuflamento e na exaust\u00e3o dos sistemas VAC e VAV.<\/p>\n<p>&nbsp;<\/p>\n<div class=\"title\">\n<div class=\"box_wrapper_green\">\n<h1 class=\"green\">Caracter\u00edsticas t\u00e9cnicas<\/h1>\n<div class=\"box_bottom_green\"><img loading=\"lazy\" decoding=\"async\" src=\"http:\/\/www.actuacontrols.com.br\/templates\/graphics\/box_sw_green.gif\" alt=\"\" width=\"4\" height=\"4\" \/><\/div>\n<\/div>\n<\/div>\n<div class=\"box_wrapper_light\">\n<div class=\"box_top_light\"><img loading=\"lazy\" decoding=\"async\" src=\"http:\/\/www.actuacontrols.com.br\/templates\/graphics\/box_nw_light.gif\" alt=\"\" width=\"4\" height=\"4\" \/><\/div>\n<div class=\"padding\">\n<table class=\"det_specs\" border=\"0\" cellspacing=\"0\" cellpadding=\"0\">\n<tbody>\n<tr>\n<td class=\"det_specs_td\" colspan=\"1\">Escala de Temperatura: -40 a 140\u00ba.C<\/td>\n<\/tr>\n<tr>\n<td class=\"det_specs_td\" colspan=\"1\">4 sequ\u00eancias independentes de PI<\/td>\n<\/tr>\n<tr>\n<td class=\"det_specs_td\" colspan=\"1\">6 sequ\u00eancias independentes bin\u00e1rias<\/td>\n<\/tr>\n<tr>\n<td class=\"det_specs_td\" colspan=\"1\">1 sa\u00edda proporcional 0-10VDC ou 0-20mA<\/td>\n<\/tr>\n<tr>\n<td class=\"det_specs_td\" colspan=\"1\">1 entrada para sensor de 0-5V, 0-10V ou 0-20mA (umidade, press\u00e3o, temperatura, CO2, CO ou de vaz\u00e3o)<\/td>\n<\/tr>\n<tr>\n<td class=\"det_specs_td\" colspan=\"1\">2 sa\u00eddas digitais TRIAC 24 Vac ou 1 sa\u00edda floating<\/td>\n<\/tr>\n<tr>\n<td class=\"det_specs_td\" colspan=\"1\">Conex\u00e3o para sensor externo de temperatura<\/td>\n<\/tr>\n<tr>\n<td class=\"det_specs_td\" colspan=\"1\">Sensor para feedback de temperatura<\/td>\n<\/tr>\n<\/tbody>\n<\/table>\n<\/div>\n<\/div>\n","protected":false},"excerpt":{"rendered":"<p><b>Controlador Elet\u00f4nico Universal<\/b><\/p>\n<p>O TCY3-T0121R-U possui duas malhas de controle distintas sendo que cada uma pode usar at\u00e9 2 segu\u00eancias PID e 4 sequ\u00eancias bin\u00e1rias.<br \/>\nPossui um sensor de temperatura NTC interno e uma entrada anal\u00f3gica.<br \/>\nAs configura\u00e7\u00f5es s\u00e3o facilmente inseridas usando-se as teclas do painel.<br \/>\nAplicado no controle de umidade e press\u00e3o em fan-coils; no controle de aquecimento, umidade e velocidade de ventiladores; no ar de insuflamento e na exaust\u00e3o dos sistemas VAC e VAV.<\/p>\n","protected":false},"featured_media":1630,"comment_status":"open","ping_status":"closed","template":"","meta":{"inline_featured_image":false},"product_brand":[],"product_cat":[216,215,213],"product_tag":[],"class_list":{"0":"post-1629","1":"product","2":"type-product","3":"status-publish","4":"has-post-thumbnail","6":"product_cat-actua","7":"product_cat-controladores","8":"product_cat-sistema-de-controle-ar-condicionado","10":"first","11":"instock","12":"shipping-taxable","13":"purchasable","14":"product-type-simple"},"_links":{"self":[{"href":"https:\/\/klimasul.com.br\/index.php?rest_route=\/wp\/v2\/product\/1629","targetHints":{"allow":["GET"]}}],"collection":[{"href":"https:\/\/klimasul.com.br\/index.php?rest_route=\/wp\/v2\/product"}],"about":[{"href":"https:\/\/klimasul.com.br\/index.php?rest_route=\/wp\/v2\/types\/product"}],"replies":[{"embeddable":true,"href":"https:\/\/klimasul.com.br\/index.php?rest_route=%2Fwp%2Fv2%2Fcomments&post=1629"}],"wp:featuredmedia":[{"embeddable":true,"href":"https:\/\/klimasul.com.br\/index.php?rest_route=\/wp\/v2\/media\/1630"}],"wp:attachment":[{"href":"https:\/\/klimasul.com.br\/index.php?rest_route=%2Fwp%2Fv2%2Fmedia&parent=1629"}],"wp:term":[{"taxonomy":"product_brand","embeddable":true,"href":"https:\/\/klimasul.com.br\/index.php?rest_route=%2Fwp%2Fv2%2Fproduct_brand&post=1629"},{"taxonomy":"product_cat","embeddable":true,"href":"https:\/\/klimasul.com.br\/index.php?rest_route=%2Fwp%2Fv2%2Fproduct_cat&post=1629"},{"taxonomy":"product_tag","embeddable":true,"href":"https:\/\/klimasul.com.br\/index.php?rest_route=%2Fwp%2Fv2%2Fproduct_tag&post=1629"}],"curies":[{"name":"wp","href":"https:\/\/api.w.org\/{rel}","templated":true}]}}