{"id":1631,"date":"2022-03-24T15:25:41","date_gmt":"2022-03-24T18:25:41","guid":{"rendered":"https:\/\/klimasul.com.br\/?post_type=product&#038;p=1631"},"modified":"2022-03-24T15:25:41","modified_gmt":"2022-03-24T18:25:41","slug":"actfy-filtro-y","status":"publish","type":"product","link":"https:\/\/klimasul.com.br\/?product=actfy-filtro-y","title":{"rendered":"ACTFY &#8211; Filtro Y"},"content":{"rendered":"<table class=\"left\" border=\"0\" cellspacing=\"0\" cellpadding=\"0\">\n<tbody>\n<tr>\n<td>\n<div class=\"padding\"><b>Filtro &#8220;Y&#8221; com tela de A\u00e7o Inox<\/b>Filtros &#8220;Y&#8221; s\u00e3o dispositivos que removem mecanicamente part\u00edculas s\u00f3lidas dos l\u00edquidos atrav\u00e9s de uma tela perfurada ou malha.<br \/>\nS\u00e3o utilizados na rede hidr\u00e1ulica para proteger equipamentos como bombas, medidores de vaz\u00e3o, v\u00e1lvulas de controle, purgadores e outros reguladores, assim reduzindo paradas decorrentes de quebra e manuten\u00e7\u00e3o.<br \/>\nA tela \u00e9 onde fica retido o material indesejado \u00e0 espera de limpeza.<br \/>\nO material de elei\u00e7\u00e3o para o elemento filtrante \u00e9 o a\u00e7o inoxid\u00e1vel.<\/p>\n<div class=\"title\">\n<div class=\"box_wrapper_green\">\n<h1 class=\"green\">Caracter\u00edsticas t\u00e9cnicas<img loading=\"lazy\" decoding=\"async\" style=\"font-family: inherit; font-size: inherit;\" src=\"http:\/\/www.actuacontrols.com.br\/templates\/graphics\/box_nw_light.gif\" alt=\"\" width=\"4\" height=\"4\" \/><\/h1>\n<\/div>\n<\/div>\n<div class=\"box_wrapper_light\">\n<div class=\"padding\">\n<table class=\"det_specs\" border=\"0\" cellspacing=\"0\" cellpadding=\"0\">\n<tbody>\n<tr>\n<td class=\"det_specs_td\" colspan=\"1\">Filtro &#8220;Y&#8221; com tela de A\u00e7o Inox<\/td>\n<td class=\"det_specs_td\" colspan=\"1\">1\/2&#8243; a 4&#8243;<\/td>\n<\/tr>\n<tr>\n<td class=\"det_specs_td\" colspan=\"1\">Material<\/td>\n<td class=\"det_specs_td\" colspan=\"1\">Corpo &#8211; lat\u00e3o<\/td>\n<\/tr>\n<tr>\n<td class=\"det_specs_td\" colspan=\"1\"><\/td>\n<td class=\"det_specs_td\" colspan=\"1\">Tela &#8211; A\u00e7o Inox<\/td>\n<\/tr>\n<\/tbody>\n<\/table>\n<\/div>\n<\/div>\n<\/div>\n<\/td>\n<\/tr>\n<\/tbody>\n<\/table>\n","protected":false},"excerpt":{"rendered":"<table class=\"left\" border=\"0\" cellspacing=\"0\" cellpadding=\"0\">\n<tbody>\n<tr>\n<td>\n<div class=\"padding\"><b>Filtro &#8220;Y&#8221; com tela de A\u00e7o Inox<\/b>Filtros &#8220;Y&#8221; s\u00e3o dispositivos que removem mecanicamente part\u00edculas s\u00f3lidas dos l\u00edquidos atrav\u00e9s de uma tela perfurada ou malha.<br \/>\nS\u00e3o utilizados na rede hidr\u00e1ulica para proteger equipamentos como bombas, medidores de vaz\u00e3o, v\u00e1lvulas de controle, purgadores e outros reguladores, assim reduzindo paradas decorrentes de quebra e manuten\u00e7\u00e3o.<br \/>\nA tela \u00e9 onde fica retido o material indesejado \u00e0 espera de limpeza.<br \/>\nO material de elei\u00e7\u00e3o para o elemento filtrante \u00e9 o a\u00e7o inoxid\u00e1vel.<\/p>\n<\/div>\n<\/td>\n<\/tr>\n<\/tbody>\n<\/table>\n","protected":false},"featured_media":1632,"comment_status":"open","ping_status":"closed","template":"","meta":{"inline_featured_image":false},"product_brand":[],"product_cat":[216,217,213],"product_tag":[],"class_list":{"0":"post-1631","1":"product","2":"type-product","3":"status-publish","4":"has-post-thumbnail","6":"product_cat-actua","7":"product_cat-hidraulica","8":"product_cat-sistema-de-controle-ar-condicionado","10":"first","11":"instock","12":"shipping-taxable","13":"purchasable","14":"product-type-simple"},"_links":{"self":[{"href":"https:\/\/klimasul.com.br\/index.php?rest_route=\/wp\/v2\/product\/1631","targetHints":{"allow":["GET"]}}],"collection":[{"href":"https:\/\/klimasul.com.br\/index.php?rest_route=\/wp\/v2\/product"}],"about":[{"href":"https:\/\/klimasul.com.br\/index.php?rest_route=\/wp\/v2\/types\/product"}],"replies":[{"embeddable":true,"href":"https:\/\/klimasul.com.br\/index.php?rest_route=%2Fwp%2Fv2%2Fcomments&post=1631"}],"wp:featuredmedia":[{"embeddable":true,"href":"https:\/\/klimasul.com.br\/index.php?rest_route=\/wp\/v2\/media\/1632"}],"wp:attachment":[{"href":"https:\/\/klimasul.com.br\/index.php?rest_route=%2Fwp%2Fv2%2Fmedia&parent=1631"}],"wp:term":[{"taxonomy":"product_brand","embeddable":true,"href":"https:\/\/klimasul.com.br\/index.php?rest_route=%2Fwp%2Fv2%2Fproduct_brand&post=1631"},{"taxonomy":"product_cat","embeddable":true,"href":"https:\/\/klimasul.com.br\/index.php?rest_route=%2Fwp%2Fv2%2Fproduct_cat&post=1631"},{"taxonomy":"product_tag","embeddable":true,"href":"https:\/\/klimasul.com.br\/index.php?rest_route=%2Fwp%2Fv2%2Fproduct_tag&post=1631"}],"curies":[{"name":"wp","href":"https:\/\/api.w.org\/{rel}","templated":true}]}}