{"id":1637,"date":"2022-03-24T16:08:37","date_gmt":"2022-03-24T19:08:37","guid":{"rendered":"https:\/\/klimasul.com.br\/?post_type=product&#038;p=1637"},"modified":"2022-03-24T16:08:37","modified_gmt":"2022-03-24T19:08:37","slug":"cmd5-sensor-de-co","status":"publish","type":"product","link":"https:\/\/klimasul.com.br\/?product=cmd5-sensor-de-co","title":{"rendered":"CMD5 Sensor de CO"},"content":{"rendered":"<p>O detector de mon\u00f3xido de carbono \u00e9 constitu\u00eddo de um elemento eletroqu\u00edmico para 0-300 ppm, que sente o n\u00edvel do g\u00e1s no ambiente. Ele transmite um sinal para um controlador anal\u00f3gico, DDC\/PLC ou ainda um sistema de automa\u00e7\u00e3o que gerencia um equipamento de ventila\u00e7\u00e3o.<\/p>\n<p>O CO \u00e9 um g\u00e1s venenoso, incolor e inodoro resultante de uma m\u00e1 combust\u00e3o, que em altas concentra\u00e7\u00f5es mata ou causa les\u00f5es org\u00e2nicas.<br \/>\n\u00c9 importante ser detectado atrav\u00e9s do sensor para que a ventila\u00e7\u00e3o no local seja implementada.<\/p>\n<div class=\"title\">\n<div class=\"box_wrapper_green\">\n<h1 class=\"green\">Caracter\u00edsticas t\u00e9cnicas<\/h1>\n<div class=\"box_bottom_green\"><img loading=\"lazy\" decoding=\"async\" src=\"http:\/\/www.actuacontrols.com.br\/templates\/graphics\/box_sw_green.gif\" alt=\"\" width=\"4\" height=\"4\" \/><\/div>\n<\/div>\n<\/div>\n<div class=\"box_wrapper_light\">\n<div class=\"box_top_light\"><img loading=\"lazy\" decoding=\"async\" src=\"http:\/\/www.actuacontrols.com.br\/templates\/graphics\/box_nw_light.gif\" alt=\"\" width=\"4\" height=\"4\" \/><\/div>\n<div class=\"padding\">\n<table class=\"det_specs\" border=\"0\" cellspacing=\"0\" cellpadding=\"0\">\n<tbody>\n<tr>\n<td class=\"det_specs_td\" colspan=\"1\">CMD5B2001<\/td>\n<td class=\"det_specs_td\" colspan=\"1\">Sensor de CO para ambiente &#8211; LCD<\/td>\n<\/tr>\n<tr>\n<td class=\"det_specs_td\" colspan=\"2\"><\/td>\n<\/tr>\n<tr>\n<td class=\"det_specs_td\" colspan=\"1\">sensor<\/td>\n<td class=\"det_specs_td\" colspan=\"1\">tipo eletroqu\u00edmico<\/td>\n<\/tr>\n<tr>\n<td class=\"det_specs_td\" colspan=\"1\">Faixa de medi\u00e7\u00e3o<\/td>\n<td class=\"det_specs_td\" colspan=\"1\">0 &#8211; 300 ppm<\/td>\n<\/tr>\n<tr>\n<td class=\"det_specs_td\" colspan=\"1\">Sensibilidade<\/td>\n<td class=\"det_specs_td\" colspan=\"1\">\u00b1 5 ppm ou 5% do valor medido para 0-300 ppm<\/td>\n<\/tr>\n<tr>\n<td class=\"det_specs_td\" colspan=\"1\">\u00c1rea de cobertura<\/td>\n<td class=\"det_specs_td\" colspan=\"1\">700 m\u00b2 ou 15 m de raio<\/td>\n<\/tr>\n<tr>\n<td class=\"det_specs_td\" colspan=\"1\">Alimenta\u00e7\u00e3o<\/td>\n<td class=\"det_specs_td\" colspan=\"1\">15 a 30 Vac\/dc<\/td>\n<\/tr>\n<tr>\n<td class=\"det_specs_td\" colspan=\"1\">Consumo<\/td>\n<td class=\"det_specs_td\" colspan=\"1\">80mA<\/td>\n<\/tr>\n<tr>\n<td class=\"det_specs_td\" colspan=\"1\">Sa\u00edda anal\u00f3gica<\/td>\n<td class=\"det_specs_td\" colspan=\"1\">4-20mA<\/td>\n<\/tr>\n<tr>\n<td class=\"det_specs_td\" colspan=\"1\">Condi\u00e7oes de opera\u00e7\u00e3o<\/td>\n<td class=\"det_specs_td\" colspan=\"1\">(-) 20 a 50\u00ba.C , 15 a 95% UR sem condensa\u00e7\u00e3o<\/td>\n<\/tr>\n<tr>\n<td class=\"det_specs_td\" colspan=\"1\">Classe de prote\u00e7\u00e3o:<\/td>\n<td class=\"det_specs_td\" colspan=\"1\">IP21<\/td>\n<\/tr>\n<\/tbody>\n<\/table>\n<\/div>\n<\/div>\n","protected":false},"excerpt":{"rendered":"<p>O detector de mon\u00f3xido de carbono \u00e9 constitu\u00eddo de um elemento eletroqu\u00edmico para 0-300 ppm, que sente o n\u00edvel do g\u00e1s no ambiente. Ele transmite um sinal para um controlador anal\u00f3gico, DDC\/PLC ou ainda um sistema de automa\u00e7\u00e3o que gerencia um equipamento de ventila\u00e7\u00e3o.<\/p>\n<p>O CO \u00e9 um g\u00e1s venenoso, incolor e inodoro resultante de uma m\u00e1 combust\u00e3o, que em altas concentra\u00e7\u00f5es mata ou causa les\u00f5es org\u00e2nicas.<br \/>\n\u00c9 importante ser detectado atrav\u00e9s do sensor para que a ventila\u00e7\u00e3o no local seja implementada.<\/p>\n","protected":false},"featured_media":1638,"comment_status":"open","ping_status":"closed","template":"","meta":{"inline_featured_image":false},"product_brand":[],"product_cat":[216,219,213],"product_tag":[],"class_list":{"0":"post-1637","1":"product","2":"type-product","3":"status-publish","4":"has-post-thumbnail","6":"product_cat-actua","7":"product_cat-sensores-transdutores","8":"product_cat-sistema-de-controle-ar-condicionado","10":"first","11":"instock","12":"shipping-taxable","13":"purchasable","14":"product-type-simple"},"_links":{"self":[{"href":"https:\/\/klimasul.com.br\/index.php?rest_route=\/wp\/v2\/product\/1637","targetHints":{"allow":["GET"]}}],"collection":[{"href":"https:\/\/klimasul.com.br\/index.php?rest_route=\/wp\/v2\/product"}],"about":[{"href":"https:\/\/klimasul.com.br\/index.php?rest_route=\/wp\/v2\/types\/product"}],"replies":[{"embeddable":true,"href":"https:\/\/klimasul.com.br\/index.php?rest_route=%2Fwp%2Fv2%2Fcomments&post=1637"}],"wp:featuredmedia":[{"embeddable":true,"href":"https:\/\/klimasul.com.br\/index.php?rest_route=\/wp\/v2\/media\/1638"}],"wp:attachment":[{"href":"https:\/\/klimasul.com.br\/index.php?rest_route=%2Fwp%2Fv2%2Fmedia&parent=1637"}],"wp:term":[{"taxonomy":"product_brand","embeddable":true,"href":"https:\/\/klimasul.com.br\/index.php?rest_route=%2Fwp%2Fv2%2Fproduct_brand&post=1637"},{"taxonomy":"product_cat","embeddable":true,"href":"https:\/\/klimasul.com.br\/index.php?rest_route=%2Fwp%2Fv2%2Fproduct_cat&post=1637"},{"taxonomy":"product_tag","embeddable":true,"href":"https:\/\/klimasul.com.br\/index.php?rest_route=%2Fwp%2Fv2%2Fproduct_tag&post=1637"}],"curies":[{"name":"wp","href":"https:\/\/api.w.org\/{rel}","templated":true}]}}