{"id":1639,"date":"2022-03-24T16:47:30","date_gmt":"2022-03-24T19:47:30","guid":{"rendered":"https:\/\/klimasul.com.br\/?post_type=product&#038;p=1639"},"modified":"2022-03-24T16:47:30","modified_gmt":"2022-03-24T19:47:30","slug":"et12m-termostato-proporcional-ambiente-com-memoria-eeprom","status":"publish","type":"product","link":"https:\/\/klimasul.com.br\/?product=et12m-termostato-proporcional-ambiente-com-memoria-eeprom","title":{"rendered":"ET12M &#8211; Termostato Proporcional Ambiente com Mem\u00f3ria EEPROM"},"content":{"rendered":"<p>O ET12M \u00e9 um termostato proporcional de uso restrito a ambientes internos.<\/p>\n<p>Deve ser afixado a uma altura de 1,5m do piso, numa posi\u00e7\u00e3o onde seja afetado pelas mudan\u00e7as de temperatura e onde o ar circule livremente.<\/p>\n<p>Evite coloc\u00e1-lo perto de fontes de calor ou onde receba raios solares diretamente.<\/p>\n<p>A sua mem\u00f3ria n\u00e3o \u00e9 vol\u00e1til. Possui mem\u00f3ria EEPROM que mantem por at\u00e9 uma semana o par\u00e2metro setado no caso de aus\u00eancia de energia el\u00e9trica.<\/p>\n<p>Pode ser usado com sensor remoto.<\/p>\n<p>&nbsp;<\/p>\n<div class=\"title\">\n<div class=\"box_wrapper_green\">\n<h1 class=\"green\">Caracter\u00edsticas t\u00e9cnicas<\/h1>\n<div class=\"box_bottom_green\"><img loading=\"lazy\" decoding=\"async\" src=\"http:\/\/www.actuacontrols.com.br\/templates\/graphics\/box_sw_green.gif\" alt=\"\" width=\"4\" height=\"4\" \/><\/div>\n<\/div>\n<\/div>\n<div class=\"box_wrapper_light\">\n<div class=\"box_top_light\"><img loading=\"lazy\" decoding=\"async\" src=\"http:\/\/www.actuacontrols.com.br\/templates\/graphics\/box_nw_light.gif\" alt=\"\" width=\"4\" height=\"4\" \/><\/div>\n<div class=\"padding\">\n<table class=\"det_specs\" border=\"0\" cellspacing=\"0\" cellpadding=\"0\">\n<tbody>\n<tr>\n<td class=\"det_specs_td\" colspan=\"1\">Escala de temperatura<\/td>\n<td class=\"det_specs_td\" colspan=\"1\">10 a 32\u00ba.C<\/td>\n<\/tr>\n<tr>\n<td class=\"det_specs_td\" colspan=\"1\">Alimenta\u00e7\u00e3o<\/td>\n<td class=\"det_specs_td\" colspan=\"1\">24 VAC, 60Hz<\/td>\n<\/tr>\n<tr>\n<td class=\"det_specs_td\" colspan=\"1\">Sa\u00edda anal\u00f3gica<\/td>\n<td class=\"det_specs_td\" colspan=\"1\">0-10 VDC<\/td>\n<\/tr>\n<tr>\n<td class=\"det_specs_td\" colspan=\"1\">Elemento sensor<\/td>\n<td class=\"det_specs_td\" colspan=\"1\">Termistor NTC<\/td>\n<\/tr>\n<tr>\n<td class=\"det_specs_td\" colspan=\"1\">Temperatura de opera\u00e7\u00e3o<\/td>\n<td class=\"det_specs_td\" colspan=\"1\">0 a 45\u00ba.C<\/td>\n<\/tr>\n<tr>\n<td class=\"det_specs_td\" colspan=\"1\">Temperatura de armazenamento<\/td>\n<td class=\"det_specs_td\" colspan=\"1\">-10 a 55\u00ba.C<\/td>\n<\/tr>\n<tr>\n<td class=\"det_specs_td\" colspan=\"1\">Peso<\/td>\n<td class=\"det_specs_td\" colspan=\"1\">200 g<\/td>\n<\/tr>\n<\/tbody>\n<\/table>\n<\/div>\n<\/div>\n","protected":false},"excerpt":{"rendered":"<p>O ET12M \u00e9 um termostato proporcional de uso restrito a ambientes internos.<\/p>\n<p>Deve ser afixado a uma altura de 1,5m do piso, numa posi\u00e7\u00e3o onde seja afetado pelas mudan\u00e7as de temperatura e onde o ar circule livremente.<\/p>\n<p>Evite coloc\u00e1-lo perto de fontes de calor ou onde receba raios solares diretamente.<\/p>\n<p>A sua mem\u00f3ria n\u00e3o \u00e9 vol\u00e1til. Possui mem\u00f3ria EEPROM que mantem por at\u00e9 uma semana o par\u00e2metro setado no caso de aus\u00eancia de energia el\u00e9trica.<\/p>\n<p>Pode ser usado com sensor remoto.<\/p>\n","protected":false},"featured_media":1640,"comment_status":"open","ping_status":"closed","template":"","meta":{"inline_featured_image":false},"product_brand":[],"product_cat":[216,213,220],"product_tag":[],"class_list":{"0":"post-1639","1":"product","2":"type-product","3":"status-publish","4":"has-post-thumbnail","6":"product_cat-actua","7":"product_cat-sistema-de-controle-ar-condicionado","8":"product_cat-termostatos","10":"first","11":"instock","12":"shipping-taxable","13":"purchasable","14":"product-type-simple"},"_links":{"self":[{"href":"https:\/\/klimasul.com.br\/index.php?rest_route=\/wp\/v2\/product\/1639","targetHints":{"allow":["GET"]}}],"collection":[{"href":"https:\/\/klimasul.com.br\/index.php?rest_route=\/wp\/v2\/product"}],"about":[{"href":"https:\/\/klimasul.com.br\/index.php?rest_route=\/wp\/v2\/types\/product"}],"replies":[{"embeddable":true,"href":"https:\/\/klimasul.com.br\/index.php?rest_route=%2Fwp%2Fv2%2Fcomments&post=1639"}],"wp:featuredmedia":[{"embeddable":true,"href":"https:\/\/klimasul.com.br\/index.php?rest_route=\/wp\/v2\/media\/1640"}],"wp:attachment":[{"href":"https:\/\/klimasul.com.br\/index.php?rest_route=%2Fwp%2Fv2%2Fmedia&parent=1639"}],"wp:term":[{"taxonomy":"product_brand","embeddable":true,"href":"https:\/\/klimasul.com.br\/index.php?rest_route=%2Fwp%2Fv2%2Fproduct_brand&post=1639"},{"taxonomy":"product_cat","embeddable":true,"href":"https:\/\/klimasul.com.br\/index.php?rest_route=%2Fwp%2Fv2%2Fproduct_cat&post=1639"},{"taxonomy":"product_tag","embeddable":true,"href":"https:\/\/klimasul.com.br\/index.php?rest_route=%2Fwp%2Fv2%2Fproduct_tag&post=1639"}],"curies":[{"name":"wp","href":"https:\/\/api.w.org\/{rel}","templated":true}]}}