{"id":1641,"date":"2022-03-24T16:48:41","date_gmt":"2022-03-24T19:48:41","guid":{"rendered":"https:\/\/klimasul.com.br\/?post_type=product&#038;p=1641"},"modified":"2022-03-24T16:48:41","modified_gmt":"2022-03-24T19:48:41","slug":"eh37-umidostato-eletronico-com-display","status":"publish","type":"product","link":"https:\/\/klimasul.com.br\/?product=eh37-umidostato-eletronico-com-display","title":{"rendered":"EH37 Umidostato eletr\u00f4nico com display"},"content":{"rendered":"<p>Umidostato eletr\u00f4nico EH37 com display de cristal l\u00edquido para indica\u00e7\u00e3o da umidade ambiente.<\/p>\n<p>Permite o controle on-off da umidade para duas a\u00e7\u00f5es distintas:<\/p>\n<p>&#8211; Umidifica\u00e7\u00e3o<br \/>\n&#8211; Desumidifica\u00e7\u00e3o<\/p>\n<p>Possui bot\u00e3o para ajuste do set-point da umidade relativa desejada entre 30% a 90%.<\/p>\n<p>&nbsp;<\/p>\n<div class=\"title\">\n<div class=\"box_wrapper_green\">\n<h1 class=\"green\">Caracter\u00edsticas t\u00e9cnicas<\/h1>\n<div class=\"box_bottom_green\"><img loading=\"lazy\" decoding=\"async\" src=\"http:\/\/www.actuacontrols.com.br\/templates\/graphics\/box_sw_green.gif\" alt=\"\" width=\"4\" height=\"4\" \/><\/div>\n<\/div>\n<\/div>\n<div class=\"box_wrapper_light\">\n<div class=\"box_top_light\"><img loading=\"lazy\" decoding=\"async\" src=\"http:\/\/www.actuacontrols.com.br\/templates\/graphics\/box_nw_light.gif\" alt=\"\" width=\"4\" height=\"4\" \/><\/div>\n<div class=\"padding\">\n<table class=\"det_specs\" border=\"0\" cellspacing=\"0\" cellpadding=\"0\">\n<tbody>\n<tr>\n<td class=\"det_specs_td\" colspan=\"1\">Alimenta\u00e7\u00e3o<\/td>\n<td class=\"det_specs_td\" colspan=\"1\">220 Vac (Opcional 110 Vac)<\/td>\n<\/tr>\n<tr>\n<td class=\"det_specs_td\" colspan=\"1\">Sinal de Sa\u00edda<\/td>\n<td class=\"det_specs_td\" colspan=\"1\">Contatos 220 Vac 1 A (110 Vac 1 A)<\/td>\n<\/tr>\n<tr>\n<td class=\"det_specs_td\" colspan=\"1\">Constante de Tempo<\/td>\n<td class=\"det_specs_td\" colspan=\"1\">2 minutos<\/td>\n<\/tr>\n<tr>\n<td class=\"det_specs_td\" colspan=\"1\">Precis\u00e3o<\/td>\n<td class=\"det_specs_td\" colspan=\"1\">\u00b1 1 % UR<\/td>\n<\/tr>\n<tr>\n<td class=\"det_specs_td\" colspan=\"1\">Faixa de Ajuste<\/td>\n<td class=\"det_specs_td\" colspan=\"1\">30% &#8211; 90% UR<\/td>\n<\/tr>\n<tr>\n<td class=\"det_specs_td\" colspan=\"1\">Elemento Sens\u00edvel<\/td>\n<td class=\"det_specs_td\" colspan=\"1\">Sensor resistivo de umidade<\/td>\n<\/tr>\n<tr>\n<td class=\"det_specs_td\" colspan=\"1\">Condi\u00e7\u00f5es de Opera\u00e7\u00e3o<\/td>\n<td class=\"det_specs_td\" colspan=\"1\">0 &#8211; 40 \u00baC, 5 &#8211; 90 %UR<\/td>\n<\/tr>\n<tr>\n<td class=\"det_specs_td\" colspan=\"1\">Temp. de Armazenamento<\/td>\n<td class=\"det_specs_td\" colspan=\"1\">0 &#8211; 50 \u00baC<\/td>\n<\/tr>\n<tr>\n<td class=\"det_specs_td\" colspan=\"1\">Fun\u00e7\u00f5es<\/td>\n<td class=\"det_specs_td\" colspan=\"1\">Umidifica\u00e7\u00e3o<\/td>\n<\/tr>\n<tr>\n<td class=\"det_specs_td\" colspan=\"1\"><\/td>\n<td class=\"det_specs_td\" colspan=\"1\">Desumidifica\u00e7\u00e3o<\/td>\n<\/tr>\n<tr>\n<td class=\"det_specs_td\" colspan=\"1\"><\/td>\n<td class=\"det_specs_td\" colspan=\"1\">Desligado<\/td>\n<\/tr>\n<\/tbody>\n<\/table>\n<\/div>\n<\/div>\n","protected":false},"excerpt":{"rendered":"<p>Umidostato eletr\u00f4nico EH37 com display de cristal l\u00edquido para indica\u00e7\u00e3o da umidade ambiente.<\/p>\n<p>Permite o controle on-off da umidade para duas a\u00e7\u00f5es distintas:<\/p>\n<p>&#8211; Umidifica\u00e7\u00e3o<br \/>\n&#8211; Desumidifica\u00e7\u00e3o<\/p>\n<p>Possui bot\u00e3o para ajuste do set-point da umidade relativa desejada entre 30% a 90%.<\/p>\n","protected":false},"featured_media":1642,"comment_status":"open","ping_status":"closed","template":"","meta":{"inline_featured_image":false},"product_brand":[],"product_cat":[216,213,221],"product_tag":[],"class_list":{"0":"post-1641","1":"product","2":"type-product","3":"status-publish","4":"has-post-thumbnail","6":"product_cat-actua","7":"product_cat-sistema-de-controle-ar-condicionado","8":"product_cat-umidostatos","10":"first","11":"instock","12":"shipping-taxable","13":"purchasable","14":"product-type-simple"},"_links":{"self":[{"href":"https:\/\/klimasul.com.br\/index.php?rest_route=\/wp\/v2\/product\/1641","targetHints":{"allow":["GET"]}}],"collection":[{"href":"https:\/\/klimasul.com.br\/index.php?rest_route=\/wp\/v2\/product"}],"about":[{"href":"https:\/\/klimasul.com.br\/index.php?rest_route=\/wp\/v2\/types\/product"}],"replies":[{"embeddable":true,"href":"https:\/\/klimasul.com.br\/index.php?rest_route=%2Fwp%2Fv2%2Fcomments&post=1641"}],"wp:featuredmedia":[{"embeddable":true,"href":"https:\/\/klimasul.com.br\/index.php?rest_route=\/wp\/v2\/media\/1642"}],"wp:attachment":[{"href":"https:\/\/klimasul.com.br\/index.php?rest_route=%2Fwp%2Fv2%2Fmedia&parent=1641"}],"wp:term":[{"taxonomy":"product_brand","embeddable":true,"href":"https:\/\/klimasul.com.br\/index.php?rest_route=%2Fwp%2Fv2%2Fproduct_brand&post=1641"},{"taxonomy":"product_cat","embeddable":true,"href":"https:\/\/klimasul.com.br\/index.php?rest_route=%2Fwp%2Fv2%2Fproduct_cat&post=1641"},{"taxonomy":"product_tag","embeddable":true,"href":"https:\/\/klimasul.com.br\/index.php?rest_route=%2Fwp%2Fv2%2Fproduct_tag&post=1641"}],"curies":[{"name":"wp","href":"https:\/\/api.w.org\/{rel}","templated":true}]}}