{"id":1643,"date":"2022-03-24T16:51:15","date_gmt":"2022-03-24T19:51:15","guid":{"rendered":"https:\/\/klimasul.com.br\/?post_type=product&#038;p=1643"},"modified":"2022-03-24T16:51:15","modified_gmt":"2022-03-24T19:51:15","slug":"qaa2281-ews-sensor-de-temperatura-para-vav","status":"publish","type":"product","link":"https:\/\/klimasul.com.br\/?product=qaa2281-ews-sensor-de-temperatura-para-vav","title":{"rendered":"QAA2281-EWS &#8211; Sensor de Temperatura para VAV"},"content":{"rendered":"<p><b>Elemento sensor de temperatura para VAV<\/b><\/p>\n<p>Os sensores de temperatura ambiente da s\u00e9rie 2200 trabalham em conjunto com o Sistema de Automa\u00e7\u00e3o APOGEE e em especial com os controladores de VAV da s\u00e9rie 550-440 da Siemens.<br \/>\nPossuem indica\u00e7\u00e3o de ocupa\u00e7\u00e3o do ambiente e da temperatura.<br \/>\nFazem detec\u00e7\u00f5es precisas e confi\u00e1veis proporcionando conforto aos ocupantes, nos ambientes com demandas exigentes.<\/p>\n<div class=\"title\">\n<div class=\"box_wrapper_green\">\n<h1 class=\"green\">Caracter\u00edsticas t\u00e9cnicas<\/h1>\n<div class=\"box_bottom_green\"><img loading=\"lazy\" decoding=\"async\" src=\"http:\/\/www.actuacontrols.com.br\/templates\/graphics\/box_sw_green.gif\" alt=\"\" width=\"4\" height=\"4\" \/><\/div>\n<\/div>\n<\/div>\n<div class=\"box_wrapper_light\">\n<div class=\"box_top_light\"><img loading=\"lazy\" decoding=\"async\" src=\"http:\/\/www.actuacontrols.com.br\/templates\/graphics\/box_nw_light.gif\" alt=\"\" width=\"4\" height=\"4\" \/><\/div>\n<div class=\"padding\">\n<table class=\"det_specs\" border=\"0\" cellspacing=\"0\" cellpadding=\"0\">\n<tbody>\n<tr>\n<td class=\"det_specs_td\" colspan=\"1\">Faixa de temperatura:<\/td>\n<td class=\"det_specs_td\" colspan=\"1\">13 a 35\u00ba.C<\/td>\n<\/tr>\n<tr>\n<td class=\"det_specs_td\" colspan=\"1\">Sinal de sa\u00edda:<\/td>\n<td class=\"det_specs_td\" colspan=\"1\">Resistivo<\/td>\n<\/tr>\n<tr>\n<td class=\"det_specs_td\" colspan=\"1\">Sensor:<\/td>\n<td class=\"det_specs_td\" colspan=\"1\">NTC 10K Tipo II<\/td>\n<\/tr>\n<tr>\n<td class=\"det_specs_td\" colspan=\"1\">Fonte de energia:<\/td>\n<td class=\"det_specs_td\" colspan=\"1\">Fornecido por BACnet ATEC<\/td>\n<\/tr>\n<tr>\n<td class=\"det_specs_td\" colspan=\"1\">Dimens\u00f5es:<\/td>\n<td class=\"det_specs_td\" colspan=\"1\">115 x 70 x 30 mm.<\/td>\n<\/tr>\n<\/tbody>\n<\/table>\n<\/div>\n<\/div>\n","protected":false},"excerpt":{"rendered":"<p><b>Elemento sensor de temperatura para VAV<\/b><\/p>\n<p>Os sensores de temperatura ambiente da s\u00e9rie 2200 trabalham em conjunto com o Sistema de Automa\u00e7\u00e3o APOGEE e em especial com os controladores de VAV da s\u00e9rie 550-440 da Siemens.<br \/>\nPossuem indica\u00e7\u00e3o de ocupa\u00e7\u00e3o do ambiente e da temperatura.<br \/>\nFazem detec\u00e7\u00f5es precisas e confi\u00e1veis proporcionando conforto aos ocupantes, nos ambientes com demandas exigentes.<\/p>\n","protected":false},"featured_media":1644,"comment_status":"open","ping_status":"closed","template":"","meta":{"inline_featured_image":false},"product_brand":[],"product_cat":[216,213,222],"product_tag":[],"class_list":{"0":"post-1643","1":"product","2":"type-product","3":"status-publish","4":"has-post-thumbnail","6":"product_cat-actua","7":"product_cat-sistema-de-controle-ar-condicionado","8":"product_cat-vav","10":"first","11":"instock","12":"shipping-taxable","13":"purchasable","14":"product-type-simple"},"_links":{"self":[{"href":"https:\/\/klimasul.com.br\/index.php?rest_route=\/wp\/v2\/product\/1643","targetHints":{"allow":["GET"]}}],"collection":[{"href":"https:\/\/klimasul.com.br\/index.php?rest_route=\/wp\/v2\/product"}],"about":[{"href":"https:\/\/klimasul.com.br\/index.php?rest_route=\/wp\/v2\/types\/product"}],"replies":[{"embeddable":true,"href":"https:\/\/klimasul.com.br\/index.php?rest_route=%2Fwp%2Fv2%2Fcomments&post=1643"}],"wp:featuredmedia":[{"embeddable":true,"href":"https:\/\/klimasul.com.br\/index.php?rest_route=\/wp\/v2\/media\/1644"}],"wp:attachment":[{"href":"https:\/\/klimasul.com.br\/index.php?rest_route=%2Fwp%2Fv2%2Fmedia&parent=1643"}],"wp:term":[{"taxonomy":"product_brand","embeddable":true,"href":"https:\/\/klimasul.com.br\/index.php?rest_route=%2Fwp%2Fv2%2Fproduct_brand&post=1643"},{"taxonomy":"product_cat","embeddable":true,"href":"https:\/\/klimasul.com.br\/index.php?rest_route=%2Fwp%2Fv2%2Fproduct_cat&post=1643"},{"taxonomy":"product_tag","embeddable":true,"href":"https:\/\/klimasul.com.br\/index.php?rest_route=%2Fwp%2Fv2%2Fproduct_tag&post=1643"}],"curies":[{"name":"wp","href":"https:\/\/api.w.org\/{rel}","templated":true}]}}