{"id":1648,"date":"2022-03-24T16:56:51","date_gmt":"2022-03-24T19:56:51","guid":{"rendered":"https:\/\/klimasul.com.br\/?post_type=product&#038;p=1648"},"modified":"2022-03-24T16:56:51","modified_gmt":"2022-03-24T19:56:51","slug":"imi-hydronics-stad-e-staf-valvulas-de-balanceamento","status":"publish","type":"product","link":"https:\/\/klimasul.com.br\/?product=imi-hydronics-stad-e-staf-valvulas-de-balanceamento","title":{"rendered":"IMI Hydronics &#8211; STAD e STAF &#8211; V\u00e1lvulas de Balanceamento"},"content":{"rendered":"<p>As v\u00e1lvulas de balanceamento STAD e STAF da IMI Hydronics (TA) s\u00e3o utilizadas para promover uma distribui\u00e7\u00e3o iqualit\u00e1ria do fluxo de \u00e1gua no sistema.<\/p>\n<p>A IMI Hydronics fornece v\u00e1lvulas rosqueadas de 1\/2&#8243; at\u00e9 2&#8243;. A partir de 2 1\/2&#8243; as v\u00e1lvulas s\u00e3o flangeadas.<\/p>\n<p>S\u00e3o v\u00e1lvulas de f\u00e1cil calibra\u00e7\u00e3o fabricadas em AMETAL e garantem alta performance na distribui\u00e7\u00e3o de \u00e1gua gelada e quente.<\/p>\n<p>&nbsp;<\/p>\n<table class=\"left\" border=\"0\" cellspacing=\"0\" cellpadding=\"0\">\n<tbody>\n<tr>\n<td>\n<div class=\"box\">\n<div class=\"title\">\n<div class=\"box_wrapper_green\">\n<h1 class=\"green\">Caracter\u00edsticas t\u00e9cnicas<\/h1>\n<div class=\"box_bottom_green\"><img loading=\"lazy\" decoding=\"async\" src=\"http:\/\/www.actuacontrols.com.br\/templates\/graphics\/box_sw_green.gif\" alt=\"\" width=\"4\" height=\"4\" \/><\/div>\n<\/div>\n<\/div>\n<div class=\"box_wrapper_light\">\n<div class=\"box_top_light\"><img loading=\"lazy\" decoding=\"async\" src=\"http:\/\/www.actuacontrols.com.br\/templates\/graphics\/box_nw_light.gif\" alt=\"\" width=\"4\" height=\"4\" \/><\/div>\n<div class=\"padding\">\n<table class=\"det_specs\" border=\"0\" cellspacing=\"0\" cellpadding=\"0\">\n<tbody>\n<tr>\n<td class=\"det_specs_td\" colspan=\"1\">Aplica\u00e7\u00e3o<\/td>\n<td class=\"det_specs_td\" colspan=\"1\">Instala\u00e7\u00f5es de climatiza\u00e7\u00e3o e calefa\u00e7\u00e3o<\/td>\n<\/tr>\n<tr>\n<td class=\"det_specs_td\" colspan=\"1\">Fun\u00e7\u00f5es<\/td>\n<td class=\"det_specs_td\" colspan=\"1\">Balanceamento<\/td>\n<\/tr>\n<tr>\n<td class=\"det_specs_td\" colspan=\"1\"><\/td>\n<td class=\"det_specs_td\" colspan=\"1\">Pr\u00e9 Ajuste<\/td>\n<\/tr>\n<tr>\n<td class=\"det_specs_td\" colspan=\"1\"><\/td>\n<td class=\"det_specs_td\" colspan=\"1\">Medida<\/td>\n<\/tr>\n<tr>\n<td class=\"det_specs_td\" colspan=\"1\">Di\u00e2metros<\/td>\n<td class=\"det_specs_td\" colspan=\"1\">STAD: DN 15-50<\/td>\n<\/tr>\n<tr>\n<td class=\"det_specs_td\" colspan=\"1\"><\/td>\n<td class=\"det_specs_td\" colspan=\"1\">STAF: DN 65-150<\/td>\n<\/tr>\n<tr>\n<td class=\"det_specs_td\" colspan=\"1\">Classe de Press\u00e3o<\/td>\n<td class=\"det_specs_td\" colspan=\"1\">STAD: PN 20<\/td>\n<\/tr>\n<tr>\n<td class=\"det_specs_td\" colspan=\"1\"><\/td>\n<td class=\"det_specs_td\" colspan=\"1\">STAF: DN 16<\/td>\n<\/tr>\n<tr>\n<td class=\"det_specs_td\" colspan=\"1\">M\u00e1x. Temperatura de Trabalho<\/td>\n<td class=\"det_specs_td\" colspan=\"1\">STAD: 120\u00baC<\/td>\n<\/tr>\n<tr>\n<td class=\"det_specs_td\" colspan=\"1\"><\/td>\n<td class=\"det_specs_td\" colspan=\"1\">STAF: 120\u00baC<\/td>\n<\/tr>\n<tr>\n<td class=\"det_specs_td\" colspan=\"1\">M\u00edn. Temperatura de Trabalho<\/td>\n<td class=\"det_specs_td\" colspan=\"1\">STAD: -20\u00baC<\/td>\n<\/tr>\n<tr>\n<td class=\"det_specs_td\" colspan=\"1\"><\/td>\n<td class=\"det_specs_td\" colspan=\"1\">STAF: -10\u00baC<\/td>\n<\/tr>\n<\/tbody>\n<\/table>\n<\/div>\n<div class=\"box_bottom_light\"><img loading=\"lazy\" decoding=\"async\" src=\"http:\/\/www.actuacontrols.com.br\/templates\/graphics\/box_sw_light.gif\" alt=\"\" width=\"4\" height=\"4\" \/><\/div>\n<\/div>\n<\/div>\n<\/td>\n<\/tr>\n<\/tbody>\n<\/table>\n<div class=\"box\">\n<div class=\"title\">\n<div class=\"box_wrapper_green\">\n<div class=\"box_top_green\"><img loading=\"lazy\" decoding=\"async\" src=\"http:\/\/www.actuacontrols.com.br\/templates\/graphics\/box_nw_green.gif\" alt=\"\" width=\"4\" height=\"4\" \/><\/div>\n<h1 class=\"green\">Diagramas de liga\u00e7\u00e3o<\/h1>\n<div class=\"box_bottom_green\"><img loading=\"lazy\" decoding=\"async\" src=\"http:\/\/www.actuacontrols.com.br\/templates\/graphics\/box_sw_green.gif\" alt=\"\" width=\"4\" height=\"4\" \/><\/div>\n<\/div>\n<\/div>\n<p><img loading=\"lazy\" decoding=\"async\" src=\"http:\/\/www.actuacontrols.com.br\/images\/stad_staf_diagrama_96b20d6bdd37b254afc2697c11b6db3c.jpg\" alt=\"Diagramas de liga\u00e7\u00e3o\" width=\"664\" height=\"221\" \/><\/div>\n<div class=\"box\">\n<div class=\"title\">\n<div class=\"box_wrapper_green\">\n<div class=\"box_top_green\"><img loading=\"lazy\" decoding=\"async\" src=\"http:\/\/www.actuacontrols.com.br\/templates\/graphics\/box_nw_green.gif\" alt=\"\" width=\"4\" height=\"4\" \/><\/div>\n<h1 class=\"green\">Dimens\u00f5es<\/h1>\n<div class=\"box_bottom_green\"><img loading=\"lazy\" decoding=\"async\" src=\"http:\/\/www.actuacontrols.com.br\/templates\/graphics\/box_sw_green.gif\" alt=\"\" width=\"4\" height=\"4\" \/><\/div>\n<\/div>\n<\/div>\n<p><img loading=\"lazy\" decoding=\"async\" src=\"http:\/\/www.actuacontrols.com.br\/images\/stad_dimensoes_03_f09dacd2ca2bf2242e46aab2687fecd5.jpg\" alt=\"Dimens\u00f5es\" width=\"664\" height=\"205\" \/><br \/>\n<img loading=\"lazy\" decoding=\"async\" src=\"http:\/\/www.actuacontrols.com.br\/images\/staf_dimensoes_03_81f4b72240549a032af724967c621d31.jpg\" alt=\"Dimens\u00f5es\" width=\"664\" height=\"188\" \/><\/div>\n","protected":false},"excerpt":{"rendered":"<p>As v\u00e1lvulas de balanceamento STAD e STAF da IMI Hydronics (TA) s\u00e3o utilizadas para promover uma distribui\u00e7\u00e3o iqualit\u00e1ria do fluxo de \u00e1gua no sistema.<\/p>\n<p>A IMI Hydronics fornece v\u00e1lvulas rosqueadas de 1\/2&#8243; at\u00e9 2&#8243;. A partir de 2 1\/2&#8243; as v\u00e1lvulas s\u00e3o flangeadas.<\/p>\n<p>S\u00e3o v\u00e1lvulas de f\u00e1cil calibra\u00e7\u00e3o fabricadas em AMETAL e garantem alta performance na distribui\u00e7\u00e3o de \u00e1gua gelada e quente.<\/p>\n","protected":false},"featured_media":1649,"comment_status":"open","ping_status":"closed","template":"","meta":{"inline_featured_image":false},"product_brand":[],"product_cat":[216,213],"product_tag":[],"class_list":{"0":"post-1648","1":"product","2":"type-product","3":"status-publish","4":"has-post-thumbnail","6":"product_cat-actua","7":"product_cat-sistema-de-controle-ar-condicionado","9":"first","10":"instock","11":"shipping-taxable","12":"purchasable","13":"product-type-simple"},"_links":{"self":[{"href":"https:\/\/klimasul.com.br\/index.php?rest_route=\/wp\/v2\/product\/1648","targetHints":{"allow":["GET"]}}],"collection":[{"href":"https:\/\/klimasul.com.br\/index.php?rest_route=\/wp\/v2\/product"}],"about":[{"href":"https:\/\/klimasul.com.br\/index.php?rest_route=\/wp\/v2\/types\/product"}],"replies":[{"embeddable":true,"href":"https:\/\/klimasul.com.br\/index.php?rest_route=%2Fwp%2Fv2%2Fcomments&post=1648"}],"wp:featuredmedia":[{"embeddable":true,"href":"https:\/\/klimasul.com.br\/index.php?rest_route=\/wp\/v2\/media\/1649"}],"wp:attachment":[{"href":"https:\/\/klimasul.com.br\/index.php?rest_route=%2Fwp%2Fv2%2Fmedia&parent=1648"}],"wp:term":[{"taxonomy":"product_brand","embeddable":true,"href":"https:\/\/klimasul.com.br\/index.php?rest_route=%2Fwp%2Fv2%2Fproduct_brand&post=1648"},{"taxonomy":"product_cat","embeddable":true,"href":"https:\/\/klimasul.com.br\/index.php?rest_route=%2Fwp%2Fv2%2Fproduct_cat&post=1648"},{"taxonomy":"product_tag","embeddable":true,"href":"https:\/\/klimasul.com.br\/index.php?rest_route=%2Fwp%2Fv2%2Fproduct_tag&post=1648"}],"curies":[{"name":"wp","href":"https:\/\/api.w.org\/{rel}","templated":true}]}}