{"id":1665,"date":"2022-03-24T17:14:56","date_gmt":"2022-03-24T20:14:56","guid":{"rendered":"https:\/\/klimasul.com.br\/?post_type=product&#038;p=1665"},"modified":"2022-03-24T17:34:59","modified_gmt":"2022-03-24T20:34:59","slug":"painel-mpu-p-dutos-de-ar-condicionado","status":"publish","type":"product","link":"https:\/\/klimasul.com.br\/?product=painel-mpu-p-dutos-de-ar-condicionado","title":{"rendered":"Painel MPU p\/dutos de ar condicionado"},"content":{"rendered":"<div class=\"section-box description\" data-tab-id=\"#descricao\">\n<div class=\"board_htm\">\n<p>Os Pain\u00e9is MPU s\u00e3o especialmente desenvolvidos para aplica\u00e7\u00e3o em Sistemas de Climatiza\u00e7\u00e3o, Ventila\u00e7\u00e3o e Exaust\u00e3o de Ambientes para os mais diversos setores. Dentre eles est\u00e3o, Ind\u00fastrias, Shoppings Centers, Hospitais e Edif\u00edcios Comerciais.<\/p>\n<p>Os DUTOS MPU s\u00e3o constru\u00eddos a partir de pain\u00e9is de poliuretano r\u00edgido com faces revestidas em alum\u00ednio gofrado ou liso e com a leveza de seus pain\u00e9is os mesmos podem ser facilmente adequados e instalados em obras novas ou em pr\u00e9dios existentes sem a necessidade de se recorrer a dispendiosas obras de refor\u00e7o na estrutura do telhado, comumente necess\u00e1rias em obras onde se utilizam chapas met\u00e1licas.<\/p>\n<p>Entre as diversas vantagens encontradas na constru\u00e7\u00e3o de dutos pelo sistema MPU, encontram-se: Facilidade e rapidez de fabrica\u00e7\u00e3o, Menor peso pr\u00f3prio por metro linear, Alto grau de Isolamento T\u00e9rmico, menor perda de carga, Estanqueidade, Baixo custo de transporte, Higiene e Inc\u00eandio.<\/p>\n<p>Nossos produtos atendem a todas as normas Brasileiras de fabrica\u00e7\u00e3o, seguran\u00e7a e prote\u00e7\u00e3o contra fogo, devidamente comprovado atrav\u00e9s de LAUDOS t\u00e9cnicos realizados junto a Institui\u00e7\u00e3o de Pesquisas Tecnol\u00f3gicas (IPT).<\/p>\n<p>Vantagens:<\/p>\n<p>&#8211; Economia de Energia: possui otima estanqueidade, superando a classe 4 (NBR 16401) eliminando vazamentos longitudinais e reduzindo vazamentos nas jun\u00e7\u00f5es.<\/p>\n<p>&#8211; Excelente Isolamento T\u00e9rmico: RT 1,0 m\u00b2 \u00b0C\/W em toda a extens\u00e3o do duto.<\/p>\n<p>&#8211; Facilidade de constru\u00e7\u00e3o: qualquer pe\u00e7a pode ser fabricada, na oficina ou diretamente na obra, reduzindo custos de logistica.<\/p>\n<p>&#8211; Baixo Peso: menos de 20% de um duto tradicional.<\/p>\n<p>&#8211; Grande Rigidez Flexural: 285.000 Nmm\u00b2 de acordo com a norma EN 13403.<\/p>\n<p>&#8211; Seguran\u00e7a: &#8211; Propaga\u00e7\u00e3o de chama: NBR 9442 &#8211; Classe A &#8211; Aprovado.<br \/>\n&#8211; Densidade \u00f3tica de fuma\u00e7a: ASTM E662 &#8211; Aprovado.<br \/>\n&#8211; Toxidade: BS 7239 &#8211; Aprovado.<br \/>\n&#8211; Ar-condicionado: ABNT NBR 16401 &#8211; Conforme.<\/p>\n<\/div>\n<\/div>\n<div id=\"ficha\" class=\"section-box\">\n<div class=\"title-section\">Ficha t\u00e9cnica<\/div>\n<div class=\"board_htm\">\n<div class=\"table-overflow\">\n<table>\n<tbody>\n<tr>\n<td>C\u00f3digo<\/td>\n<td>5211999827<\/td>\n<\/tr>\n<tr>\n<td>Modelo<\/td>\n<td>PAINEL-MPU-20-PCT<\/td>\n<\/tr>\n<tr>\n<td>Categoria<\/td>\n<td>Acess\u00f3rios p\/Ventila\u00e7\u00e3o e Exaust\u00e3o<\/td>\n<\/tr>\n<tr>\n<td>Marca<\/td>\n<td>Nova Exaustores<\/td>\n<\/tr>\n<\/tbody>\n<\/table>\n<\/div>\n<\/div>\n<\/div>\n","protected":false},"excerpt":{"rendered":"<p>Os Pain\u00e9is MPU s\u00e3o especialmente desenvolvidos para aplica\u00e7\u00e3o em Sistemas de Climatiza\u00e7\u00e3o, Ventila\u00e7\u00e3o e Exaust\u00e3o de Ambientes para os mais diversos setores. Dentre eles est\u00e3o, Ind\u00fastrias, Shoppings Centers, Hospitais e Edif\u00edcios Comerciais.<\/p>\n","protected":false},"featured_media":1667,"comment_status":"open","ping_status":"closed","template":"","meta":{"inline_featured_image":false},"product_brand":[],"product_cat":[226,22],"product_tag":[],"class_list":{"0":"post-1665","1":"product","2":"type-product","3":"status-publish","4":"has-post-thumbnail","6":"product_cat-acessorios-p-ventilacao-e-exaustao","7":"product_cat-acessorios-de-montagem","9":"first","10":"instock","11":"shipping-taxable","12":"purchasable","13":"product-type-simple"},"_links":{"self":[{"href":"https:\/\/klimasul.com.br\/index.php?rest_route=\/wp\/v2\/product\/1665","targetHints":{"allow":["GET"]}}],"collection":[{"href":"https:\/\/klimasul.com.br\/index.php?rest_route=\/wp\/v2\/product"}],"about":[{"href":"https:\/\/klimasul.com.br\/index.php?rest_route=\/wp\/v2\/types\/product"}],"replies":[{"embeddable":true,"href":"https:\/\/klimasul.com.br\/index.php?rest_route=%2Fwp%2Fv2%2Fcomments&post=1665"}],"wp:featuredmedia":[{"embeddable":true,"href":"https:\/\/klimasul.com.br\/index.php?rest_route=\/wp\/v2\/media\/1667"}],"wp:attachment":[{"href":"https:\/\/klimasul.com.br\/index.php?rest_route=%2Fwp%2Fv2%2Fmedia&parent=1665"}],"wp:term":[{"taxonomy":"product_brand","embeddable":true,"href":"https:\/\/klimasul.com.br\/index.php?rest_route=%2Fwp%2Fv2%2Fproduct_brand&post=1665"},{"taxonomy":"product_cat","embeddable":true,"href":"https:\/\/klimasul.com.br\/index.php?rest_route=%2Fwp%2Fv2%2Fproduct_cat&post=1665"},{"taxonomy":"product_tag","embeddable":true,"href":"https:\/\/klimasul.com.br\/index.php?rest_route=%2Fwp%2Fv2%2Fproduct_tag&post=1665"}],"curies":[{"name":"wp","href":"https:\/\/api.w.org\/{rel}","templated":true}]}}