{"id":1700,"date":"2022-03-31T10:04:36","date_gmt":"2022-03-31T13:04:36","guid":{"rendered":"https:\/\/klimasul.com.br\/?post_type=product&#038;p=1700"},"modified":"2022-03-31T10:04:37","modified_gmt":"2022-03-31T13:04:37","slug":"mantas-filtrantes-em-poliester-ou-fibras-de-vidro","status":"publish","type":"product","link":"https:\/\/klimasul.com.br\/?product=mantas-filtrantes-em-poliester-ou-fibras-de-vidro","title":{"rendered":"Mantas Filtrantes em Poli\u00e9ster ou Fibras de Vidro"},"content":{"rendered":"<p>Classifica\u00e7\u00e3o e Efici\u00eancia:<\/p>\n<p>Classe G3 \u2013 NBR 6401 da ABNT<\/p>\n<p>Classe G4 \u2013 NBR 16401 da ABNT<\/p>\n<p>Classe EU4 \u2013 Eurovent<\/p>\n<p>Efici\u00eancia de 100% para part\u00edculas de \u2265 10 \u00b5<\/p>\n<p>Efici\u00eancia de 85% &#8211; ASHRAE 52.1<\/p>\n<p>Pr\u00e9- filtro plano, meio filtrante em manta de fibras sint\u00e9ticas ou em fibras de vidro, com densidade progressiva e interligadas e termofixadas com resina inodora. Podem ser fornecidas em rolos ou em placas com as dimens\u00f5es necess\u00e1rias. \u00a0<a href=\"https:\/\/meuip.co\/\" target=\"_blank\" rel=\"noopener\"><img decoding=\"async\" src=\"https:\/\/meuip.co\/imagens\/banner.gif\" alt=\"meu ip\" border=\"0\" \/><\/a><\/p>\n","protected":false},"excerpt":{"rendered":"<p>Pr\u00e9- filtro plano, meio filtrante em manta de fibras sint\u00e9ticas ou em fibras de vidro, com densidade progressiva e interligadas e termofixadas com resina inodora. Podem ser fornecidas em rolos ou em placas com as dimens\u00f5es necess\u00e1rias. \u00a0<a href=\"https:\/\/meuip.co\/\" target=\"_blank\" rel=\"noopener\"><img decoding=\"async\" src=\"https:\/\/meuip.co\/imagens\/banner.gif\" alt=\"meu ip\" border=\"0\" \/><\/a><\/p>\n","protected":false},"featured_media":1701,"comment_status":"open","ping_status":"closed","template":"","meta":{"inline_featured_image":false},"product_brand":[],"product_cat":[20],"product_tag":[],"class_list":{"0":"post-1700","1":"product","2":"type-product","3":"status-publish","4":"has-post-thumbnail","6":"product_cat-filtros","8":"first","9":"instock","10":"shipping-taxable","11":"purchasable","12":"product-type-simple"},"_links":{"self":[{"href":"https:\/\/klimasul.com.br\/index.php?rest_route=\/wp\/v2\/product\/1700","targetHints":{"allow":["GET"]}}],"collection":[{"href":"https:\/\/klimasul.com.br\/index.php?rest_route=\/wp\/v2\/product"}],"about":[{"href":"https:\/\/klimasul.com.br\/index.php?rest_route=\/wp\/v2\/types\/product"}],"replies":[{"embeddable":true,"href":"https:\/\/klimasul.com.br\/index.php?rest_route=%2Fwp%2Fv2%2Fcomments&post=1700"}],"wp:featuredmedia":[{"embeddable":true,"href":"https:\/\/klimasul.com.br\/index.php?rest_route=\/wp\/v2\/media\/1701"}],"wp:attachment":[{"href":"https:\/\/klimasul.com.br\/index.php?rest_route=%2Fwp%2Fv2%2Fmedia&parent=1700"}],"wp:term":[{"taxonomy":"product_brand","embeddable":true,"href":"https:\/\/klimasul.com.br\/index.php?rest_route=%2Fwp%2Fv2%2Fproduct_brand&post=1700"},{"taxonomy":"product_cat","embeddable":true,"href":"https:\/\/klimasul.com.br\/index.php?rest_route=%2Fwp%2Fv2%2Fproduct_cat&post=1700"},{"taxonomy":"product_tag","embeddable":true,"href":"https:\/\/klimasul.com.br\/index.php?rest_route=%2Fwp%2Fv2%2Fproduct_tag&post=1700"}],"curies":[{"name":"wp","href":"https:\/\/api.w.org\/{rel}","templated":true}]}}