{"id":1702,"date":"2022-03-31T10:06:08","date_gmt":"2022-03-31T13:06:08","guid":{"rendered":"https:\/\/klimasul.com.br\/?post_type=product&#038;p=1702"},"modified":"2022-03-31T10:06:08","modified_gmt":"2022-03-31T13:06:08","slug":"filtro-manga-poliester","status":"publish","type":"product","link":"https:\/\/klimasul.com.br\/?product=filtro-manga-poliester","title":{"rendered":"Filtro Manga Poli\u00e9ster"},"content":{"rendered":"<p>As mangas filtrantes s\u00e3o encontradas em varias aplica\u00e7\u00f5es de ventila\u00e7\u00e3o e exaust\u00e3o, nos segmentos das ind\u00fastrias cimenteiras, sider\u00fargicas, aliment\u00edcias, marcenarias, petroqu\u00edmicas e outros. As mangas podem receber tratamentos de impermeabiliza\u00e7\u00e3o, siliconiza\u00e7\u00e3o, chamuscagem ou termofixa\u00e7\u00e3o, de acordo com a necessidade da aplica\u00e7\u00e3o. Podem ser fornecidas em tamanhos especiais mediante desenho t\u00e9cnico ou amostras.<a href=\"https:\/\/meuip.co\/\" target=\"_blank\" rel=\"noopener\"><img decoding=\"async\" src=\"https:\/\/meuip.co\/imagens\/banner.gif\" alt=\"meu ip\" border=\"0\" \/><\/a><\/p>\n","protected":false},"excerpt":{"rendered":"<p>As mangas filtrantes s\u00e3o encontradas em varias aplica\u00e7\u00f5es de ventila\u00e7\u00e3o e exaust\u00e3o, nos segmentos das ind\u00fastrias cimenteiras, sider\u00fargicas, aliment\u00edcias, marcenarias, petroqu\u00edmicas e outros.<\/p>\n","protected":false},"featured_media":1703,"comment_status":"open","ping_status":"closed","template":"","meta":{"inline_featured_image":false},"product_brand":[],"product_cat":[20],"product_tag":[],"class_list":{"0":"post-1702","1":"product","2":"type-product","3":"status-publish","4":"has-post-thumbnail","6":"product_cat-filtros","8":"first","9":"instock","10":"shipping-taxable","11":"purchasable","12":"product-type-simple"},"_links":{"self":[{"href":"https:\/\/klimasul.com.br\/index.php?rest_route=\/wp\/v2\/product\/1702","targetHints":{"allow":["GET"]}}],"collection":[{"href":"https:\/\/klimasul.com.br\/index.php?rest_route=\/wp\/v2\/product"}],"about":[{"href":"https:\/\/klimasul.com.br\/index.php?rest_route=\/wp\/v2\/types\/product"}],"replies":[{"embeddable":true,"href":"https:\/\/klimasul.com.br\/index.php?rest_route=%2Fwp%2Fv2%2Fcomments&post=1702"}],"wp:featuredmedia":[{"embeddable":true,"href":"https:\/\/klimasul.com.br\/index.php?rest_route=\/wp\/v2\/media\/1703"}],"wp:attachment":[{"href":"https:\/\/klimasul.com.br\/index.php?rest_route=%2Fwp%2Fv2%2Fmedia&parent=1702"}],"wp:term":[{"taxonomy":"product_brand","embeddable":true,"href":"https:\/\/klimasul.com.br\/index.php?rest_route=%2Fwp%2Fv2%2Fproduct_brand&post=1702"},{"taxonomy":"product_cat","embeddable":true,"href":"https:\/\/klimasul.com.br\/index.php?rest_route=%2Fwp%2Fv2%2Fproduct_cat&post=1702"},{"taxonomy":"product_tag","embeddable":true,"href":"https:\/\/klimasul.com.br\/index.php?rest_route=%2Fwp%2Fv2%2Fproduct_tag&post=1702"}],"curies":[{"name":"wp","href":"https:\/\/api.w.org\/{rel}","templated":true}]}}