{"id":1704,"date":"2022-03-31T10:06:55","date_gmt":"2022-03-31T13:06:55","guid":{"rendered":"https:\/\/klimasul.com.br\/?post_type=product&#038;p=1704"},"modified":"2022-03-31T10:06:55","modified_gmt":"2022-03-31T13:06:55","slug":"filtro-de-carvao-ativado","status":"publish","type":"product","link":"https:\/\/klimasul.com.br\/?product=filtro-de-carvao-ativado","title":{"rendered":"Filtro de Carv\u00e3o Ativado"},"content":{"rendered":"<p>Filtros para adsor\u00e7\u00e3o de odores, gases e compostos vol\u00e1teis org\u00e2nicos (VOC). Podem ser fornecidos em rolos de mantas de poli\u00e9ster impregnadas com carv\u00e3o ativado, com moldura de papel cart\u00e3o, a\u00e7o galvanizado ou inox nas configura\u00e7\u00f5es plana, plano plissado e em \u201cV\u201d. Dimens\u00f5es de acordo com a necessidade do cliente.<a href=\"https:\/\/meuip.co\/\" target=\"_blank\" rel=\"noopener\"><img decoding=\"async\" src=\"https:\/\/meuip.co\/imagens\/banner.gif\" alt=\"meu ip\" border=\"0\" \/><\/a><\/p>\n","protected":false},"excerpt":{"rendered":"<p>Filtros para adsor\u00e7\u00e3o de odores, gases e compostos vol\u00e1teis org\u00e2nicos (VOC). Podem ser fornecidos em rolos de mantas de poli\u00e9ster impregnadas com carv\u00e3o ativado, com moldura de papel cart\u00e3o, a\u00e7o galvanizado ou inox nas configura\u00e7\u00f5es plana, plano plissado e em \u201cV\u201d. Dimens\u00f5es de acordo com a necessidade do cliente.<a href=\"https:\/\/meuip.co\/\" target=\"_blank\" rel=\"noopener\"><img decoding=\"async\" src=\"https:\/\/meuip.co\/imagens\/banner.gif\" alt=\"meu ip\" border=\"0\" \/><\/a><\/p>\n","protected":false},"featured_media":1705,"comment_status":"open","ping_status":"closed","template":"","meta":{"inline_featured_image":false},"product_brand":[],"product_cat":[20],"product_tag":[],"class_list":{"0":"post-1704","1":"product","2":"type-product","3":"status-publish","4":"has-post-thumbnail","6":"product_cat-filtros","8":"first","9":"instock","10":"shipping-taxable","11":"purchasable","12":"product-type-simple"},"_links":{"self":[{"href":"https:\/\/klimasul.com.br\/index.php?rest_route=\/wp\/v2\/product\/1704","targetHints":{"allow":["GET"]}}],"collection":[{"href":"https:\/\/klimasul.com.br\/index.php?rest_route=\/wp\/v2\/product"}],"about":[{"href":"https:\/\/klimasul.com.br\/index.php?rest_route=\/wp\/v2\/types\/product"}],"replies":[{"embeddable":true,"href":"https:\/\/klimasul.com.br\/index.php?rest_route=%2Fwp%2Fv2%2Fcomments&post=1704"}],"wp:featuredmedia":[{"embeddable":true,"href":"https:\/\/klimasul.com.br\/index.php?rest_route=\/wp\/v2\/media\/1705"}],"wp:attachment":[{"href":"https:\/\/klimasul.com.br\/index.php?rest_route=%2Fwp%2Fv2%2Fmedia&parent=1704"}],"wp:term":[{"taxonomy":"product_brand","embeddable":true,"href":"https:\/\/klimasul.com.br\/index.php?rest_route=%2Fwp%2Fv2%2Fproduct_brand&post=1704"},{"taxonomy":"product_cat","embeddable":true,"href":"https:\/\/klimasul.com.br\/index.php?rest_route=%2Fwp%2Fv2%2Fproduct_cat&post=1704"},{"taxonomy":"product_tag","embeddable":true,"href":"https:\/\/klimasul.com.br\/index.php?rest_route=%2Fwp%2Fv2%2Fproduct_tag&post=1704"}],"curies":[{"name":"wp","href":"https:\/\/api.w.org\/{rel}","templated":true}]}}