{"id":1706,"date":"2022-03-31T10:07:58","date_gmt":"2022-03-31T13:07:58","guid":{"rendered":"https:\/\/klimasul.com.br\/?post_type=product&#038;p=1706"},"modified":"2022-03-31T10:07:58","modified_gmt":"2022-03-31T13:07:58","slug":"filtro-fino","status":"publish","type":"product","link":"https:\/\/klimasul.com.br\/?product=filtro-fino","title":{"rendered":"Filtro Fino"},"content":{"rendered":"<p>Filtro fino, meio filtrante micro plissado de microfibras de vidro, celul\u00f3sico ou poli\u00e9ster, com moldura em a\u00e7o galvanizado ou inox. Fornecidos nas configura\u00e7\u00f5es plana ou em c\u00e9lulas montadas em \u201cV\u201d nas dimens\u00f5es padr\u00f5es ou especiais. Se necess\u00e1rio podem ser fabricados com tela de prote\u00e7\u00e3o e gaxeta de veda\u00e7\u00e3o na entrada, sa\u00edda ou ambos os lados do fluxo de ar.<\/p>\n<p>APLICA\u00c7\u00c3O: S\u00e3o utilizados como pr\u00e9 filtros de filtros absolutos ou em outras aplica\u00e7\u00f5es que necessitam de uma filtragem fina, tais como; turbinas, ind\u00fastria aliment\u00edcia, farmac\u00eautica, cosm\u00e9ticos, entre outros.<a href=\"https:\/\/meuip.co\/\" target=\"_blank\" rel=\"noopener\"><img decoding=\"async\" src=\"https:\/\/meuip.co\/imagens\/banner.gif\" alt=\"meu ip\" border=\"0\" \/><\/a><\/p>\n","protected":false},"excerpt":{"rendered":"<p>Filtro fino, meio filtrante micro plissado de microfibras de vidro, celul\u00f3sico ou poli\u00e9ster, com moldura em a\u00e7o galvanizado ou inox. Fornecidos nas configura\u00e7\u00f5es plana ou em c\u00e9lulas montadas em \u201cV\u201d nas dimens\u00f5es padr\u00f5es ou especiais. Se necess\u00e1rio podem ser fabricados com tela de prote\u00e7\u00e3o e gaxeta de veda\u00e7\u00e3o na entrada, sa\u00edda ou ambos os lados do fluxo de ar.<\/p>\n","protected":false},"featured_media":1707,"comment_status":"open","ping_status":"closed","template":"","meta":{"inline_featured_image":false},"product_brand":[],"product_cat":[20],"product_tag":[],"class_list":{"0":"post-1706","1":"product","2":"type-product","3":"status-publish","4":"has-post-thumbnail","6":"product_cat-filtros","8":"first","9":"instock","10":"shipping-taxable","11":"purchasable","12":"product-type-simple"},"_links":{"self":[{"href":"https:\/\/klimasul.com.br\/index.php?rest_route=\/wp\/v2\/product\/1706","targetHints":{"allow":["GET"]}}],"collection":[{"href":"https:\/\/klimasul.com.br\/index.php?rest_route=\/wp\/v2\/product"}],"about":[{"href":"https:\/\/klimasul.com.br\/index.php?rest_route=\/wp\/v2\/types\/product"}],"replies":[{"embeddable":true,"href":"https:\/\/klimasul.com.br\/index.php?rest_route=%2Fwp%2Fv2%2Fcomments&post=1706"}],"wp:featuredmedia":[{"embeddable":true,"href":"https:\/\/klimasul.com.br\/index.php?rest_route=\/wp\/v2\/media\/1707"}],"wp:attachment":[{"href":"https:\/\/klimasul.com.br\/index.php?rest_route=%2Fwp%2Fv2%2Fmedia&parent=1706"}],"wp:term":[{"taxonomy":"product_brand","embeddable":true,"href":"https:\/\/klimasul.com.br\/index.php?rest_route=%2Fwp%2Fv2%2Fproduct_brand&post=1706"},{"taxonomy":"product_cat","embeddable":true,"href":"https:\/\/klimasul.com.br\/index.php?rest_route=%2Fwp%2Fv2%2Fproduct_cat&post=1706"},{"taxonomy":"product_tag","embeddable":true,"href":"https:\/\/klimasul.com.br\/index.php?rest_route=%2Fwp%2Fv2%2Fproduct_tag&post=1706"}],"curies":[{"name":"wp","href":"https:\/\/api.w.org\/{rel}","templated":true}]}}