{"id":1710,"date":"2022-03-31T10:10:23","date_gmt":"2022-03-31T13:10:23","guid":{"rendered":"https:\/\/klimasul.com.br\/?post_type=product&#038;p=1710"},"modified":"2022-03-31T10:10:23","modified_gmt":"2022-03-31T13:10:23","slug":"porta-mantas","status":"publish","type":"product","link":"https:\/\/klimasul.com.br\/?product=porta-mantas","title":{"rendered":"Porta Mantas"},"content":{"rendered":"<p>Ecologicamente correto, o porta mantas \u00e9 fabricado em chapa de a\u00e7o galvanizado ou inox. S\u00e3o utilizados em sistemas de ventila\u00e7\u00e3o, exaust\u00e3o de ar e pr\u00e9-filtragem em geral.<\/p>\n<p>Sua principal vantagem \u00e9 o seu custo beneficio, pois trata-se de um produto permanente, sendo apenas necess\u00e1rio a substitui\u00e7\u00e3o do elemento filtrante quando saturado.<\/p>\n<p>Meio filtrante em manta de fibras sint\u00e9ticas com densidade progressiva de baixo custo e da f\u00e1cil armazenamento. A classifica\u00e7\u00e3o e efici\u00eancia do meio filtrante \u00e9 determinada de acordo com a necessidade do cliente. \u00a0<a href=\"https:\/\/meuip.co\/\" target=\"_blank\" rel=\"noopener\"><img decoding=\"async\" src=\"https:\/\/meuip.co\/imagens\/banner.gif\" alt=\"meu ip\" border=\"0\" \/><\/a><\/p>\n","protected":false},"excerpt":{"rendered":"<p>Ecologicamente correto, o porta mantas \u00e9 fabricado em chapa de a\u00e7o galvanizado ou inox. S\u00e3o utilizados em sistemas de ventila\u00e7\u00e3o, exaust\u00e3o de ar e pr\u00e9-filtragem em geral.<\/p>\n","protected":false},"featured_media":1711,"comment_status":"open","ping_status":"closed","template":"","meta":{"inline_featured_image":false},"product_brand":[],"product_cat":[20],"product_tag":[],"class_list":{"0":"post-1710","1":"product","2":"type-product","3":"status-publish","4":"has-post-thumbnail","6":"product_cat-filtros","8":"first","9":"instock","10":"shipping-taxable","11":"purchasable","12":"product-type-simple"},"_links":{"self":[{"href":"https:\/\/klimasul.com.br\/index.php?rest_route=\/wp\/v2\/product\/1710","targetHints":{"allow":["GET"]}}],"collection":[{"href":"https:\/\/klimasul.com.br\/index.php?rest_route=\/wp\/v2\/product"}],"about":[{"href":"https:\/\/klimasul.com.br\/index.php?rest_route=\/wp\/v2\/types\/product"}],"replies":[{"embeddable":true,"href":"https:\/\/klimasul.com.br\/index.php?rest_route=%2Fwp%2Fv2%2Fcomments&post=1710"}],"wp:featuredmedia":[{"embeddable":true,"href":"https:\/\/klimasul.com.br\/index.php?rest_route=\/wp\/v2\/media\/1711"}],"wp:attachment":[{"href":"https:\/\/klimasul.com.br\/index.php?rest_route=%2Fwp%2Fv2%2Fmedia&parent=1710"}],"wp:term":[{"taxonomy":"product_brand","embeddable":true,"href":"https:\/\/klimasul.com.br\/index.php?rest_route=%2Fwp%2Fv2%2Fproduct_brand&post=1710"},{"taxonomy":"product_cat","embeddable":true,"href":"https:\/\/klimasul.com.br\/index.php?rest_route=%2Fwp%2Fv2%2Fproduct_cat&post=1710"},{"taxonomy":"product_tag","embeddable":true,"href":"https:\/\/klimasul.com.br\/index.php?rest_route=%2Fwp%2Fv2%2Fproduct_tag&post=1710"}],"curies":[{"name":"wp","href":"https:\/\/api.w.org\/{rel}","templated":true}]}}