{"id":1714,"date":"2022-03-31T11:18:46","date_gmt":"2022-03-31T14:18:46","guid":{"rendered":"https:\/\/klimasul.com.br\/?post_type=product&#038;p=1714"},"modified":"2022-03-31T11:18:46","modified_gmt":"2022-03-31T14:18:46","slug":"filtro-cartucho","status":"publish","type":"product","link":"https:\/\/klimasul.com.br\/?product=filtro-cartucho","title":{"rendered":"Filtro Cartucho"},"content":{"rendered":"<p>Filtros cartucho, fabricados com meio filtrante celul\u00f3sico, mix (80% celulose e 20%npoliester), 100% poli\u00e9ster spunbonded e com revestimentos especiais (antiest\u00e1tico e teflonado).<\/p>\n<p>Detalhes construtivos (tampas, veda\u00e7\u00f5es, dimens\u00f5es e outros) de acordo com a necessidade do cliente.<a href=\"https:\/\/meuip.co\/\" target=\"_blank\" rel=\"noopener\"><img decoding=\"async\" src=\"https:\/\/meuip.co\/imagens\/banner.gif\" alt=\"meu ip\" border=\"0\" \/><\/a><\/p>\n","protected":false},"excerpt":{"rendered":"<p>Filtros cartucho, fabricados com meio filtrante celul\u00f3sico, mix (80% celulose e 20%npoliester), 100% poli\u00e9ster spunbonded e com revestimentos especiais (antiest\u00e1tico e teflonado).<\/p>\n","protected":false},"featured_media":1715,"comment_status":"open","ping_status":"closed","template":"","meta":{"inline_featured_image":false},"product_brand":[],"product_cat":[20],"product_tag":[],"class_list":{"0":"post-1714","1":"product","2":"type-product","3":"status-publish","4":"has-post-thumbnail","6":"product_cat-filtros","8":"first","9":"instock","10":"shipping-taxable","11":"purchasable","12":"product-type-simple"},"_links":{"self":[{"href":"https:\/\/klimasul.com.br\/index.php?rest_route=\/wp\/v2\/product\/1714","targetHints":{"allow":["GET"]}}],"collection":[{"href":"https:\/\/klimasul.com.br\/index.php?rest_route=\/wp\/v2\/product"}],"about":[{"href":"https:\/\/klimasul.com.br\/index.php?rest_route=\/wp\/v2\/types\/product"}],"replies":[{"embeddable":true,"href":"https:\/\/klimasul.com.br\/index.php?rest_route=%2Fwp%2Fv2%2Fcomments&post=1714"}],"wp:featuredmedia":[{"embeddable":true,"href":"https:\/\/klimasul.com.br\/index.php?rest_route=\/wp\/v2\/media\/1715"}],"wp:attachment":[{"href":"https:\/\/klimasul.com.br\/index.php?rest_route=%2Fwp%2Fv2%2Fmedia&parent=1714"}],"wp:term":[{"taxonomy":"product_brand","embeddable":true,"href":"https:\/\/klimasul.com.br\/index.php?rest_route=%2Fwp%2Fv2%2Fproduct_brand&post=1714"},{"taxonomy":"product_cat","embeddable":true,"href":"https:\/\/klimasul.com.br\/index.php?rest_route=%2Fwp%2Fv2%2Fproduct_cat&post=1714"},{"taxonomy":"product_tag","embeddable":true,"href":"https:\/\/klimasul.com.br\/index.php?rest_route=%2Fwp%2Fv2%2Fproduct_tag&post=1714"}],"curies":[{"name":"wp","href":"https:\/\/api.w.org\/{rel}","templated":true}]}}