{"id":734,"date":"2022-01-02T17:12:39","date_gmt":"2022-01-02T19:12:39","guid":{"rendered":"https:\/\/klimasul.com.br\/?post_type=product&#038;p=734"},"modified":"2022-01-02T17:14:33","modified_gmt":"2022-01-02T19:14:33","slug":"734","status":"publish","type":"product","link":"https:\/\/klimasul.com.br\/?product=734","title":{"rendered":"Difusor Retangular &#8211; Modelo DR"},"content":{"rendered":"<p>O difusor retangular DR \u00e9 constru\u00eddo em perfis de alum\u00ednio extrudado, podendo ser pintado com tinta epoxi e pode permitir o direcionamento do ar para at\u00e9 quatro sentidos.<\/p>\n<p>Opcionalmente, seu miolo pode ser\u00a0 remov\u00edvel para dar acesso ao colarinho de alimenta\u00e7\u00e3o, facilitando o ajuste de registros, equalizadores ou\u00a0 \u00a0 \u00a0captores de ar. A fabrica\u00e7\u00e3o deste modelo atende aos padr\u00f5es de mercado, mas tamb\u00e9m h\u00e1 op\u00e7\u00e3o de\u00a0 \u00a0 \u00a0medidas personalizadas.<\/p>\n<p>ACABAMENTO: Anodiza\u00e7\u00e3o natural e especial (sob consulta) ou pintura Ep\u00f3xi<\/p>\n<p>ACESS\u00d3RIOS: registro simples, captor equalizador, registro borboleta, caixa plenum.<a href=\"https:\/\/meuip.co\/\" target=\"_blank\" rel=\"noopener\"><img decoding=\"async\" src=\"https:\/\/meuip.co\/imagens\/banner.gif\" alt=\"meuip\" border=\"0\" \/><\/a><\/p>\n","protected":false},"excerpt":{"rendered":"<p>O difusor retangular DR \u00e9 constru\u00eddo em perfis de alum\u00ednio extrudado, podendo ser pintado com tinta epoxi e pode permitir o direcionamento do ar para at\u00e9 quatro sentidos.<\/p>\n<p>Opcionalmente, seu miolo pode ser\u00a0 remov\u00edvel para dar acesso ao colarinho de alimenta\u00e7\u00e3o, facilitando o ajuste de registros, equalizadores ou\u00a0 \u00a0 \u00a0captores de ar. A fabrica\u00e7\u00e3o deste modelo atende aos padr\u00f5es de mercado, mas tamb\u00e9m h\u00e1 op\u00e7\u00e3o de\u00a0 \u00a0 \u00a0medidas personalizadas.<\/p>\n<p>ACABAMENTO: Anodiza\u00e7\u00e3o natural e especial (sob consulta) ou pintura Ep\u00f3xi<\/p>\n<p>ACESS\u00d3RIOS: registro simples, captor equalizador, registro borboleta, caixa plenum.<a href=\"https:\/\/meuip.co\/\" target=\"_blank\" rel=\"noopener\"><img decoding=\"async\" src=\"https:\/\/meuip.co\/imagens\/banner.gif\" alt=\"meuip\" border=\"0\" \/><\/a><\/p>\n","protected":false},"featured_media":735,"comment_status":"open","ping_status":"closed","template":"","meta":{"inline_featured_image":false},"product_brand":[],"product_cat":[21],"product_tag":[],"class_list":{"0":"post-734","1":"product","2":"type-product","3":"status-publish","4":"has-post-thumbnail","6":"product_cat-difusores","8":"first","9":"instock","10":"shipping-taxable","11":"purchasable","12":"product-type-simple"},"_links":{"self":[{"href":"https:\/\/klimasul.com.br\/index.php?rest_route=\/wp\/v2\/product\/734","targetHints":{"allow":["GET"]}}],"collection":[{"href":"https:\/\/klimasul.com.br\/index.php?rest_route=\/wp\/v2\/product"}],"about":[{"href":"https:\/\/klimasul.com.br\/index.php?rest_route=\/wp\/v2\/types\/product"}],"replies":[{"embeddable":true,"href":"https:\/\/klimasul.com.br\/index.php?rest_route=%2Fwp%2Fv2%2Fcomments&post=734"}],"wp:featuredmedia":[{"embeddable":true,"href":"https:\/\/klimasul.com.br\/index.php?rest_route=\/wp\/v2\/media\/735"}],"wp:attachment":[{"href":"https:\/\/klimasul.com.br\/index.php?rest_route=%2Fwp%2Fv2%2Fmedia&parent=734"}],"wp:term":[{"taxonomy":"product_brand","embeddable":true,"href":"https:\/\/klimasul.com.br\/index.php?rest_route=%2Fwp%2Fv2%2Fproduct_brand&post=734"},{"taxonomy":"product_cat","embeddable":true,"href":"https:\/\/klimasul.com.br\/index.php?rest_route=%2Fwp%2Fv2%2Fproduct_cat&post=734"},{"taxonomy":"product_tag","embeddable":true,"href":"https:\/\/klimasul.com.br\/index.php?rest_route=%2Fwp%2Fv2%2Fproduct_tag&post=734"}],"curies":[{"name":"wp","href":"https:\/\/api.w.org\/{rel}","templated":true}]}}