{"id":736,"date":"2022-01-02T17:54:15","date_gmt":"2022-01-02T19:54:15","guid":{"rendered":"https:\/\/klimasul.com.br\/?post_type=product&#038;p=736"},"modified":"2022-01-02T17:54:15","modified_gmt":"2022-01-02T19:54:15","slug":"difusor-continuo-modelo-dc-1-e-dc-2","status":"publish","type":"product","link":"https:\/\/klimasul.com.br\/?product=difusor-continuo-modelo-dc-1-e-dc-2","title":{"rendered":"Difusor Cont\u00ednuo &#8211; Modelo: DC-1 e DC-2"},"content":{"rendered":"<p>O difusor cont\u00ednuo DC pode ter uma ou duas dire\u00e7\u00f5es de insuflamento: DC-1 e DC-2 e \u00e9\u00a0 \u00a0pr\u00f3prio para instala\u00e7\u00e3o em forros e utilizado para insuflamento, resfriamento, aquecimento ou\u00a0 \u00a0retorno do ar.<\/p>\n<p>Este difusor est\u00e1 dispon\u00edvel em pe\u00e7as separadas ou em linhas cont\u00ednuas.<\/p>\n<p>Possui\u00a0 \u00a0aletas de alum\u00ednio extrudado fixas e seu comprimento m\u00e1ximo \u00e9 de 2.000 mm. A largura \u00e9\u00a0 \u00a0vari\u00e1vel de 69 mm a 398 mm.<\/p>\n<p>ACABAMENTO: Anodiza\u00e7\u00e3o natural e especial (sob consulta) ou pintura Ep\u00f3xi.<\/p>\n<p>ACESS\u00d3RIOS: registro simples, caixa plenum, registro borboleta.<a href=\"https:\/\/meuip.co\/\" target=\"_blank\" rel=\"noopener\"><img decoding=\"async\" src=\"https:\/\/meuip.co\/imagens\/banner.gif\" alt=\"meuip\" border=\"0\" \/><\/a><\/p>\n","protected":false},"excerpt":{"rendered":"<p>O difusor cont\u00ednuo DC pode ter uma ou duas dire\u00e7\u00f5es de insuflamento: DC-1 e DC-2 e \u00e9 pr\u00f3prio para instala\u00e7\u00e3o em forros e utilizado para insuflamento, resfriamento, aquecimento ou retorno do ar.<\/p>\n<p>Este difusor est\u00e1 dispon\u00edvel em pe\u00e7as separadas ou em linhas cont\u00ednuas.<\/p>\n<p>Possui aletas de alum\u00ednio extrudado fixas e seu comprimento m\u00e1ximo \u00e9 de 2.000 mm.<\/p>\n<p>A largura \u00e9\u00a0 vari\u00e1vel de 69 mm a 398 mm.<\/p>\n<p>ACABAMENTO: Anodiza\u00e7\u00e3o natural e especial (sob consulta) ou pintura Ep\u00f3xi.<\/p>\n<p>ACESS\u00d3RIOS: registro simples, caixa plenum, registro borboleta.<a href=\"https:\/\/meuip.co\/\" target=\"_blank\" rel=\"noopener\"><img decoding=\"async\" src=\"https:\/\/meuip.co\/imagens\/banner.gif\" alt=\"meuip\" border=\"0\" \/><\/a><\/p>\n","protected":false},"featured_media":737,"comment_status":"open","ping_status":"closed","template":"","meta":{"inline_featured_image":false},"product_brand":[],"product_cat":[21],"product_tag":[],"class_list":{"0":"post-736","1":"product","2":"type-product","3":"status-publish","4":"has-post-thumbnail","6":"product_cat-difusores","8":"first","9":"instock","10":"shipping-taxable","11":"purchasable","12":"product-type-simple"},"_links":{"self":[{"href":"https:\/\/klimasul.com.br\/index.php?rest_route=\/wp\/v2\/product\/736","targetHints":{"allow":["GET"]}}],"collection":[{"href":"https:\/\/klimasul.com.br\/index.php?rest_route=\/wp\/v2\/product"}],"about":[{"href":"https:\/\/klimasul.com.br\/index.php?rest_route=\/wp\/v2\/types\/product"}],"replies":[{"embeddable":true,"href":"https:\/\/klimasul.com.br\/index.php?rest_route=%2Fwp%2Fv2%2Fcomments&post=736"}],"wp:featuredmedia":[{"embeddable":true,"href":"https:\/\/klimasul.com.br\/index.php?rest_route=\/wp\/v2\/media\/737"}],"wp:attachment":[{"href":"https:\/\/klimasul.com.br\/index.php?rest_route=%2Fwp%2Fv2%2Fmedia&parent=736"}],"wp:term":[{"taxonomy":"product_brand","embeddable":true,"href":"https:\/\/klimasul.com.br\/index.php?rest_route=%2Fwp%2Fv2%2Fproduct_brand&post=736"},{"taxonomy":"product_cat","embeddable":true,"href":"https:\/\/klimasul.com.br\/index.php?rest_route=%2Fwp%2Fv2%2Fproduct_cat&post=736"},{"taxonomy":"product_tag","embeddable":true,"href":"https:\/\/klimasul.com.br\/index.php?rest_route=%2Fwp%2Fv2%2Fproduct_tag&post=736"}],"curies":[{"name":"wp","href":"https:\/\/api.w.org\/{rel}","templated":true}]}}