{"id":869,"date":"2022-01-17T10:20:45","date_gmt":"2022-01-17T12:20:45","guid":{"rendered":"https:\/\/klimasul.com.br\/?post_type=product&#038;p=869"},"modified":"2022-04-06T11:11:52","modified_gmt":"2022-04-06T14:11:52","slug":"caixa-de-ventilacao-acustica-para-forro-cab-soler-palau","status":"publish","type":"product","link":"https:\/\/klimasul.com.br\/?product=caixa-de-ventilacao-acustica-para-forro-cab-soler-palau","title":{"rendered":"Caixa de ventila\u00e7\u00e3o ac\u00fastica para forro CAB &#8211; Soler &#038; Palau"},"content":{"rendered":"<p>Caixas de ventila\u00e7\u00e3o estanques fabricadas em chapa de a\u00e7o galvanizado, com isolamento ac\u00fastico n\u00e3o inflam\u00e1vel (MO) de 50 mm de espessura, fechos estanques, de tipo trac\u00e7\u00e3o girat\u00f3ria, de f\u00e1cil abertura, ventilador centr\u00edfugo de aletas curvadas para a frente, motor IP44, Classe B (modelos 125 a 250) ou motor IP55, Classe F (modelo 315), com rolamentos de esferas, protetor t\u00e9rmico e caixa de bornes remota IP55. Podem ser instaladas no exterior sem necessidade de tampa de intemp\u00e9rie.<\/p>\n<p><strong>Motores<\/strong><br \/>\nDe 2 ou 4 p\u00f3los, conforme as vers\u00f5es.<br \/>\nRegul\u00e1veis por varia\u00e7\u00e3o de tens\u00e3o.<br \/>\nTens\u00e3o de alimenta\u00e7\u00e3o Monof\u00e1sicos 127V-60HZ ou 220V-60HZ.<\/p>\n<p><strong>INSTALA\u00c7\u00c3O EM QUALQUER POSI\u00c7\u00c3O<\/strong><br \/>\nPodem ser instaladas em posi\u00e7\u00e3o vertical, horizontal ou invertidas.<\/p>\n<p><img decoding=\"async\" src=\"https:\/\/d26lpennugtm8s.cloudfront.net\/stores\/001\/116\/455\/rte\/cab4.png\" alt=\"\" \/><\/p>\n<p><img decoding=\"async\" src=\"https:\/\/d26lpennugtm8s.cloudfront.net\/stores\/001\/116\/455\/rte\/cab5.png\" alt=\"\" \/><\/p>\n","protected":false},"excerpt":{"rendered":"<h1 class=\"js-product-name h2 h1-md \" data-store=\"product-name-47203665\">Caixa de ventila\u00e7\u00e3o ac\u00fastica para forro CAB &#8211; Soler &amp; Palau<\/h1>\n<p>Caixas de ventila\u00e7\u00e3o estanques fabricadas em chapa de a\u00e7o galvanizado, com isolamento ac\u00fastico n\u00e3o inflam\u00e1vel (MO) de 50 mm de espessura, fechos estanques, de tipo trac\u00e7\u00e3o girat\u00f3ria, de f\u00e1cil abertura, ventilador centr\u00edfugo de aletas curvadas para a frente, motor IP44, Classe B (modelos 125 a 250) ou motor IP55, Classe F (modelo 315), com rolamentos de esferas, protetor t\u00e9rmico e caixa de bornes remota IP55. Podem ser instaladas no exterior sem necessidade de tampa de intemp\u00e9rie.<\/p>\n","protected":false},"featured_media":882,"comment_status":"open","ping_status":"closed","template":"","meta":{"inline_featured_image":false},"product_brand":[],"product_cat":[227,50,37],"product_tag":[],"class_list":{"0":"post-869","1":"product","2":"type-product","3":"status-publish","4":"has-post-thumbnail","6":"product_cat-solerpalau","7":"product_cat-caixas-de-ventilacao","8":"product_cat-otam-e-sp","10":"first","11":"instock","12":"shipping-taxable","13":"purchasable","14":"product-type-variable"},"_links":{"self":[{"href":"https:\/\/klimasul.com.br\/index.php?rest_route=\/wp\/v2\/product\/869","targetHints":{"allow":["GET"]}}],"collection":[{"href":"https:\/\/klimasul.com.br\/index.php?rest_route=\/wp\/v2\/product"}],"about":[{"href":"https:\/\/klimasul.com.br\/index.php?rest_route=\/wp\/v2\/types\/product"}],"replies":[{"embeddable":true,"href":"https:\/\/klimasul.com.br\/index.php?rest_route=%2Fwp%2Fv2%2Fcomments&post=869"}],"wp:featuredmedia":[{"embeddable":true,"href":"https:\/\/klimasul.com.br\/index.php?rest_route=\/wp\/v2\/media\/882"}],"wp:attachment":[{"href":"https:\/\/klimasul.com.br\/index.php?rest_route=%2Fwp%2Fv2%2Fmedia&parent=869"}],"wp:term":[{"taxonomy":"product_brand","embeddable":true,"href":"https:\/\/klimasul.com.br\/index.php?rest_route=%2Fwp%2Fv2%2Fproduct_brand&post=869"},{"taxonomy":"product_cat","embeddable":true,"href":"https:\/\/klimasul.com.br\/index.php?rest_route=%2Fwp%2Fv2%2Fproduct_cat&post=869"},{"taxonomy":"product_tag","embeddable":true,"href":"https:\/\/klimasul.com.br\/index.php?rest_route=%2Fwp%2Fv2%2Fproduct_tag&post=869"}],"curies":[{"name":"wp","href":"https:\/\/api.w.org\/{rel}","templated":true}]}}