{"id":892,"date":"2022-01-17T12:31:14","date_gmt":"2022-01-17T14:31:14","guid":{"rendered":"https:\/\/klimasul.com.br\/?post_type=product&#038;p=892"},"modified":"2022-04-06T11:11:43","modified_gmt":"2022-04-06T14:11:43","slug":"grelha-de-exaustao-de-aluminio-gra-soler-palau","status":"publish","type":"product","link":"https:\/\/klimasul.com.br\/?product=grelha-de-exaustao-de-aluminio-gra-soler-palau","title":{"rendered":"Grelha de exaust\u00e3o de alum\u00ednio GRA &#8211; Soler &#038; Palau"},"content":{"rendered":"<p>Evita a entrada de \u00e1gua e corpos estranhos na instala\u00e7\u00e3o.<\/p>\n","protected":false},"excerpt":{"rendered":"<h1 class=\"js-product-name h2 h1-md \" data-store=\"product-name-47396226\">Grelha de exaust\u00e3o de alum\u00ednio GRA &#8211; Soler &amp; Palau<\/h1>\n<p>Evita a entrada de \u00e1gua e corpos estranhos na instala\u00e7\u00e3o.<\/p>\n","protected":false},"featured_media":898,"comment_status":"open","ping_status":"closed","template":"","meta":{"inline_featured_image":false},"product_brand":[],"product_cat":[227,59,205,40,37],"product_tag":[],"class_list":{"0":"post-892","1":"product","2":"type-product","3":"status-publish","4":"has-post-thumbnail","6":"product_cat-solerpalau","7":"product_cat-acessorios","8":"product_cat-acessorios-gama-habitat","9":"product_cat-grelhas","10":"product_cat-otam-e-sp","12":"first","13":"instock","14":"shipping-taxable","15":"purchasable","16":"product-type-variable"},"_links":{"self":[{"href":"https:\/\/klimasul.com.br\/index.php?rest_route=\/wp\/v2\/product\/892","targetHints":{"allow":["GET"]}}],"collection":[{"href":"https:\/\/klimasul.com.br\/index.php?rest_route=\/wp\/v2\/product"}],"about":[{"href":"https:\/\/klimasul.com.br\/index.php?rest_route=\/wp\/v2\/types\/product"}],"replies":[{"embeddable":true,"href":"https:\/\/klimasul.com.br\/index.php?rest_route=%2Fwp%2Fv2%2Fcomments&post=892"}],"wp:featuredmedia":[{"embeddable":true,"href":"https:\/\/klimasul.com.br\/index.php?rest_route=\/wp\/v2\/media\/898"}],"wp:attachment":[{"href":"https:\/\/klimasul.com.br\/index.php?rest_route=%2Fwp%2Fv2%2Fmedia&parent=892"}],"wp:term":[{"taxonomy":"product_brand","embeddable":true,"href":"https:\/\/klimasul.com.br\/index.php?rest_route=%2Fwp%2Fv2%2Fproduct_brand&post=892"},{"taxonomy":"product_cat","embeddable":true,"href":"https:\/\/klimasul.com.br\/index.php?rest_route=%2Fwp%2Fv2%2Fproduct_cat&post=892"},{"taxonomy":"product_tag","embeddable":true,"href":"https:\/\/klimasul.com.br\/index.php?rest_route=%2Fwp%2Fv2%2Fproduct_tag&post=892"}],"curies":[{"name":"wp","href":"https:\/\/api.w.org\/{rel}","templated":true}]}}