{"id":900,"date":"2022-01-17T16:12:02","date_gmt":"2022-01-17T18:12:02","guid":{"rendered":"https:\/\/klimasul.com.br\/?post_type=product&#038;p=900"},"modified":"2022-04-06T11:11:35","modified_gmt":"2022-04-06T14:11:35","slug":"silent-soler-palau","status":"publish","type":"product","link":"https:\/\/klimasul.com.br\/?product=silent-soler-palau","title":{"rendered":"Silent &#8211; Soler &#038; Palau"},"content":{"rendered":"<p>Modelos SILENT para instalar na parede ou no teto, projetados para resolver os problemas de ventila\u00e7\u00e3o em casas de banho e pequenas espa\u00e7os.<br \/>\nExaustor axial de baixo n\u00edvel sonoro.<\/p>\n<h3 class=\"\">Resumo do Produto<\/h3>\n<p class=\"\">SILENT-100 \/ SILENT-200 \/ SILENT-300 Modelos SILENT para instalar na parede ou no teto, projetados para resolver os problemas de ventila\u00e7\u00e3o em casas de banho e pequenas espa\u00e7os. Exaustor axial de baixo n\u00edvel sonoro, vaz\u00e3o de 90m3\/h, com v\u00e1lvula anti retorno incorporada, luz piloto de funcionamento, motor 127V-60Hz, montado sobre \u201csilent-blocks\u201d el\u00e1sticos, IP45, Classe II, con protetor t\u00e9rmico, para operar em temperaturas de at\u00e9 40\u00baC.<\/p>\n<h3 class=\"\">\u00c1rea de Aplica\u00e7\u00e3o<\/h3>\n<p class=\"\">Exaust\u00e3o de banheiros<\/p>\n<p>&nbsp;<\/p>\n<p><strong>Silent 100- 127v \/ 220v:<\/strong><br \/>\nVelocidade (rpm): 2130 \/ 1800<br \/>\nPot\u00eancia absorvida m\u00e1xima (W): 8\u00a0\/ 8<br \/>\nVaz\u00e3o em descarga livre (m\u00b3\/h): 90 \/ 75<br \/>\nN\u00edvel de press\u00e3o sonora (dB(A)): 34\u00a0\/ 29<br \/>\nClasse de Isolamento \/ Prote\u00e7\u00e3o: II &#8211; IP45 \/ II &#8211; IP45<br \/>\nPeso (kg): 0,57\u00a0\/ 0,57<br \/>\nTamanho exterior: 158\u00a0x 158\u00a0mm<\/p>\n<p>&nbsp;<\/p>\n<p><strong>Silent 200- 127v \/ 220v:<\/strong><br \/>\nVelocidade (rpm): 2580 \/ 1950<br \/>\nPot\u00eancia absorvida m\u00e1xima (W): 20\u00a0\/ 16<br \/>\nVaz\u00e3o em descarga livre (m\u00b3\/h): 180\u00a0\/ 145<br \/>\nN\u00edvel de press\u00e3o sonora (dB(A)): 46\u00a0\/ 39<br \/>\nClasse de Isolamento \/ Prote\u00e7\u00e3o: II &#8211; IP45 \/ II &#8211; IP45<br \/>\nPeso (kg): 0,77\u00a0\/ 0,77<br \/>\nTamanho exterior: 180 x 180\u00a0mm<\/p>\n<p>&nbsp;<\/p>\n<p><strong>Silent 300 PLUS- 127v \/ 220v:<\/strong><br \/>\nVelocidade (rpm): 2170\u00a0\/ 2200<br \/>\nPot\u00eancia absorvida m\u00e1xima (W): 21\u00a0\/ 21<br \/>\nVaz\u00e3o em descarga livre (m\u00b3\/h): 330\u00a0\/ 340<br \/>\nN\u00edvel de press\u00e3o sonora (dB(A)): 48\u00a0\/ 49<br \/>\nClasse de Isolamento \/ Prote\u00e7\u00e3o: II &#8211; IP45 \/ II &#8211; IP45<br \/>\nPeso (kg): 1,25\u00a0\/ 1,25<br \/>\nTamanho exterior: 214 x 214\u00a0mm<\/p>\n","protected":false},"excerpt":{"rendered":"<h1 class=\"js-product-name h2 h1-md \" data-store=\"product-name-46910224\">Silent &#8211; Soler &amp; Palau<\/h1>\n<p>Modelos SILENT para instalar na parede ou no teto, projetados para resolver os problemas de ventila\u00e7\u00e3o em casas de banho e pequenas espa\u00e7os.<br \/>\nExaustor axial de baixo n\u00edvel sonoro.<\/p>\n","protected":false},"featured_media":908,"comment_status":"open","ping_status":"closed","template":"","meta":{"inline_featured_image":false},"product_brand":[],"product_cat":[207,227,37],"product_tag":[],"class_list":{"0":"post-900","1":"product","2":"type-product","3":"status-publish","4":"has-post-thumbnail","6":"product_cat-exaustores-de-banheiro","7":"product_cat-solerpalau","8":"product_cat-otam-e-sp","10":"first","11":"instock","12":"shipping-taxable","13":"purchasable","14":"product-type-variable"},"_links":{"self":[{"href":"https:\/\/klimasul.com.br\/index.php?rest_route=\/wp\/v2\/product\/900","targetHints":{"allow":["GET"]}}],"collection":[{"href":"https:\/\/klimasul.com.br\/index.php?rest_route=\/wp\/v2\/product"}],"about":[{"href":"https:\/\/klimasul.com.br\/index.php?rest_route=\/wp\/v2\/types\/product"}],"replies":[{"embeddable":true,"href":"https:\/\/klimasul.com.br\/index.php?rest_route=%2Fwp%2Fv2%2Fcomments&post=900"}],"wp:featuredmedia":[{"embeddable":true,"href":"https:\/\/klimasul.com.br\/index.php?rest_route=\/wp\/v2\/media\/908"}],"wp:attachment":[{"href":"https:\/\/klimasul.com.br\/index.php?rest_route=%2Fwp%2Fv2%2Fmedia&parent=900"}],"wp:term":[{"taxonomy":"product_brand","embeddable":true,"href":"https:\/\/klimasul.com.br\/index.php?rest_route=%2Fwp%2Fv2%2Fproduct_brand&post=900"},{"taxonomy":"product_cat","embeddable":true,"href":"https:\/\/klimasul.com.br\/index.php?rest_route=%2Fwp%2Fv2%2Fproduct_cat&post=900"},{"taxonomy":"product_tag","embeddable":true,"href":"https:\/\/klimasul.com.br\/index.php?rest_route=%2Fwp%2Fv2%2Fproduct_tag&post=900"}],"curies":[{"name":"wp","href":"https:\/\/api.w.org\/{rel}","templated":true}]}}