{"id":912,"date":"2022-01-17T16:36:01","date_gmt":"2022-01-17T18:36:01","guid":{"rendered":"https:\/\/klimasul.com.br\/?post_type=product&#038;p=912"},"modified":"2022-03-29T15:53:57","modified_gmt":"2022-03-29T18:53:57","slug":"grelha-de-exaustao-de-aluminio-extrudado-gri-soler-palau","status":"publish","type":"product","link":"https:\/\/klimasul.com.br\/?product=grelha-de-exaustao-de-aluminio-extrudado-gri-soler-palau","title":{"rendered":"Grelha de exaust\u00e3o de alum\u00ednio extrudado GRI &#8211; Soler &#038; Palau"},"content":{"rendered":"<p>Grelha de exaust\u00e3o de alum\u00ednio extrudado, pintado em cor branca. Evita a entrada de \u00e1gua e corpos estranhos na instala\u00e7\u00e3o.<\/p>\n","protected":false},"excerpt":{"rendered":"<h1 class=\"js-product-name h2 h1-md \" data-store=\"product-name-47397544\">Grelha de exaust\u00e3o de alum\u00ednio extrudado GRI &#8211; Soler &amp; Palau<\/h1>\n<p>Grelha de exaust\u00e3o de alum\u00ednio extrudado, pintado em cor branca. Evita a entrada de \u00e1gua e corpos estranhos na instala\u00e7\u00e3o.<\/p>\n","protected":false},"featured_media":918,"comment_status":"open","ping_status":"closed","template":"","meta":{"inline_featured_image":false},"product_brand":[],"product_cat":[227,40],"product_tag":[],"class_list":{"0":"post-912","1":"product","2":"type-product","3":"status-publish","4":"has-post-thumbnail","6":"product_cat-solerpalau","7":"product_cat-grelhas","9":"first","10":"instock","11":"shipping-taxable","12":"purchasable","13":"product-type-variable"},"_links":{"self":[{"href":"https:\/\/klimasul.com.br\/index.php?rest_route=\/wp\/v2\/product\/912","targetHints":{"allow":["GET"]}}],"collection":[{"href":"https:\/\/klimasul.com.br\/index.php?rest_route=\/wp\/v2\/product"}],"about":[{"href":"https:\/\/klimasul.com.br\/index.php?rest_route=\/wp\/v2\/types\/product"}],"replies":[{"embeddable":true,"href":"https:\/\/klimasul.com.br\/index.php?rest_route=%2Fwp%2Fv2%2Fcomments&post=912"}],"wp:featuredmedia":[{"embeddable":true,"href":"https:\/\/klimasul.com.br\/index.php?rest_route=\/wp\/v2\/media\/918"}],"wp:attachment":[{"href":"https:\/\/klimasul.com.br\/index.php?rest_route=%2Fwp%2Fv2%2Fmedia&parent=912"}],"wp:term":[{"taxonomy":"product_brand","embeddable":true,"href":"https:\/\/klimasul.com.br\/index.php?rest_route=%2Fwp%2Fv2%2Fproduct_brand&post=912"},{"taxonomy":"product_cat","embeddable":true,"href":"https:\/\/klimasul.com.br\/index.php?rest_route=%2Fwp%2Fv2%2Fproduct_cat&post=912"},{"taxonomy":"product_tag","embeddable":true,"href":"https:\/\/klimasul.com.br\/index.php?rest_route=%2Fwp%2Fv2%2Fproduct_tag&post=912"}],"curies":[{"name":"wp","href":"https:\/\/api.w.org\/{rel}","templated":true}]}}