{"id":930,"date":"2022-01-17T16:59:31","date_gmt":"2022-01-17T18:59:31","guid":{"rendered":"https:\/\/klimasul.com.br\/?post_type=product&#038;p=930"},"modified":"2022-04-06T11:11:12","modified_gmt":"2022-04-06T14:11:12","slug":"abracadeira-regulavel-cx-soler-palau","status":"publish","type":"product","link":"https:\/\/klimasul.com.br\/?product=abracadeira-regulavel-cx-soler-palau","title":{"rendered":"Abra\u00e7adeira regul\u00e1vel CX &#8211; Soler &#038; Palau"},"content":{"rendered":"<p>Abra\u00e7adeiras regul\u00e1veis de fixa\u00e7\u00e3o do exaustor ao duto ou a outros acess\u00f3rios.<br \/>\nApropriadas para dutos flex\u00edveis. Evitam a transmiss\u00e3o de vibra\u00e7\u00f5es.<\/p>\n","protected":false},"excerpt":{"rendered":"<h1 class=\"js-product-name h2 h1-md \" data-store=\"product-name-47368224\">Abra\u00e7adeira regul\u00e1vel CX &#8211; Soler &amp; Palau<\/h1>\n<p>Abra\u00e7adeiras regul\u00e1veis de fixa\u00e7\u00e3o do exaustor ao duto ou a outros acess\u00f3rios.<br \/>\nApropriadas para dutos flex\u00edveis. Evitam a transmiss\u00e3o de vibra\u00e7\u00f5es.<\/p>\n","protected":false},"featured_media":935,"comment_status":"open","ping_status":"closed","template":"","meta":{"inline_featured_image":false},"product_brand":[],"product_cat":[227,59,37],"product_tag":[],"class_list":{"0":"post-930","1":"product","2":"type-product","3":"status-publish","4":"has-post-thumbnail","6":"product_cat-solerpalau","7":"product_cat-acessorios","8":"product_cat-otam-e-sp","10":"first","11":"instock","12":"shipping-taxable","13":"purchasable","14":"product-type-variable"},"_links":{"self":[{"href":"https:\/\/klimasul.com.br\/index.php?rest_route=\/wp\/v2\/product\/930","targetHints":{"allow":["GET"]}}],"collection":[{"href":"https:\/\/klimasul.com.br\/index.php?rest_route=\/wp\/v2\/product"}],"about":[{"href":"https:\/\/klimasul.com.br\/index.php?rest_route=\/wp\/v2\/types\/product"}],"replies":[{"embeddable":true,"href":"https:\/\/klimasul.com.br\/index.php?rest_route=%2Fwp%2Fv2%2Fcomments&post=930"}],"wp:featuredmedia":[{"embeddable":true,"href":"https:\/\/klimasul.com.br\/index.php?rest_route=\/wp\/v2\/media\/935"}],"wp:attachment":[{"href":"https:\/\/klimasul.com.br\/index.php?rest_route=%2Fwp%2Fv2%2Fmedia&parent=930"}],"wp:term":[{"taxonomy":"product_brand","embeddable":true,"href":"https:\/\/klimasul.com.br\/index.php?rest_route=%2Fwp%2Fv2%2Fproduct_brand&post=930"},{"taxonomy":"product_cat","embeddable":true,"href":"https:\/\/klimasul.com.br\/index.php?rest_route=%2Fwp%2Fv2%2Fproduct_cat&post=930"},{"taxonomy":"product_tag","embeddable":true,"href":"https:\/\/klimasul.com.br\/index.php?rest_route=%2Fwp%2Fv2%2Fproduct_tag&post=930"}],"curies":[{"name":"wp","href":"https:\/\/api.w.org\/{rel}","templated":true}]}}