{"id":937,"date":"2022-01-17T17:10:39","date_gmt":"2022-01-17T19:10:39","guid":{"rendered":"https:\/\/klimasul.com.br\/?post_type=product&#038;p=937"},"modified":"2022-04-06T11:11:02","modified_gmt":"2022-04-06T14:11:02","slug":"td-silent-soler-palau","status":"publish","type":"product","link":"https:\/\/klimasul.com.br\/?product=td-silent-soler-palau","title":{"rendered":"TD-SILENT &#8211; Soler &#038; Palau"},"content":{"rendered":"<ul>\n<li><strong>Modelo 160 &#8211; 1000:<\/strong><\/li>\n<\/ul>\n<p>Ventiladores helicocentrifugos de baixo perfil, extremamente silenciosos, modelos TD-160, TD-250, TD-350, TD-500, TD-800 e TD-1000. Certificados pela \u201cNoise Abatement Society\u201d (Associa\u00e7\u00e3o para a redu\u00e7\u00e3o do ru\u00eddo). Fabricados em material pl\u00e1stico, elementos ac\u00fasticos (estrutura interna perfurada que direciona as ondas sonoras, e isolamento interior fono-absorvente que amortiza o ruido radiado), juntas de borracha na suc\u00e7\u00e3o e descarga para absorver as vibra\u00e7\u00f5es, corpo motor desmont\u00e1vel sem necessidade de manuseio dos dutos, caixa de bornes externa orient\u00e1vel 360\u00ba, motor regulav\u00e9l 127V-60HZ ou 220V60H, de 2 velocidades, Classe B, IP44, rolamentos de esfera de lubrifica\u00e7\u00e3o permanente, condensador e protetor t\u00e9rmico.<\/p>\n<p>&nbsp;<\/p>\n<ul>\n<li><strong>Modelo 1300 &#8211; 2000:<\/strong><\/li>\n<\/ul>\n<p>Ventiladores helicocentrifugos in-line de baixo perfil, extremamente silenciosos, modelos TD-1300 e TD-2000. Certificados pela \u201cNoise Abatement Society\u201d (Associa\u00e7\u00e3o para a redu\u00e7\u00e3o do ru\u00eddo). Fabricados em chapa de a\u00e7o protegida por pintura poli\u00e9ster, com elementos ac\u00fasticos (isolamento interior fono-absorvente (M0) de fibra de vidro, carca\u00e7a exterior tipo sandu\u00edche e boca de suc\u00e7\u00e3o aerodin\u00e2mica), corpo-motor desmont\u00e1vel sem necessidade de manuseio dos dutos, caixa de bornes externa IP55, motor 127V-60HZ ou 220V-60H, de 2 velocidades, regul\u00e1veis por varia\u00e7\u00e3o de tens\u00e3o, IP44, classe F, com rotor exterior de inje\u00e7\u00e3o de alum\u00ednio, rolamentos de esfera de lubrifica\u00e7\u00e3o permanente, condensador e protetor t\u00e9rmico incorporado. Outros dados Especialmente indicados para locais onde trabalham pessoas, sendo que o baixo n\u00edvel sonoro converte-se num elemento essencial para o conforto.<\/p>\n","protected":false},"excerpt":{"rendered":"<h1 class=\"js-product-name h2 h1-md \" data-store=\"product-name-47130803\">TD-SILENT &#8211; Soler &amp; Palau<\/h1>\n<ul>\n<li><strong>Modelo 160 &#8211; 1000:<\/strong><\/li>\n<\/ul>\n<p>Ventiladores helicocentrifugos de baixo perfil, extremamente silenciosos, modelos TD-160, TD-250, TD-350, TD-500, TD-800 e TD-1000. Certificados pela \u201cNoise Abatement Society\u201d (Associa\u00e7\u00e3o para a redu\u00e7\u00e3o do ru\u00eddo). Fabricados em material pl\u00e1stico, elementos ac\u00fasticos (estrutura interna perfurada que direciona as ondas sonoras, e isolamento interior fono-absorvente que amortiza o ruido radiado), juntas de borracha na suc\u00e7\u00e3o e descarga para absorver as vibra\u00e7\u00f5es, corpo motor desmont\u00e1vel sem necessidade de manuseio dos dutos, caixa de bornes externa orient\u00e1vel 360\u00ba, motor regulav\u00e9l 127V-60HZ ou 220V60H, de 2 velocidades, Classe B, IP44, rolamentos de esfera de lubrifica\u00e7\u00e3o permanente, condensador e protetor t\u00e9rmico.<\/p>\n<p>&nbsp;<\/p>\n<ul>\n<li><strong>Modelo 1300 &#8211; 2000:<\/strong><\/li>\n<\/ul>\n<p>Ventiladores helicocentrifugos in-line de baixo perfil, extremamente silenciosos, modelos TD-1300 e TD-2000. Certificados pela \u201cNoise Abatement Society\u201d (Associa\u00e7\u00e3o para a redu\u00e7\u00e3o do ru\u00eddo). Fabricados em chapa de a\u00e7o protegida por pintura poli\u00e9ster, com elementos ac\u00fasticos (isolamento interior fono-absorvente (M0) de fibra de vidro, carca\u00e7a exterior tipo sandu\u00edche e boca de suc\u00e7\u00e3o aerodin\u00e2mica), corpo-motor desmont\u00e1vel sem necessidade de manuseio dos dutos, caixa de bornes externa IP55, motor 127V-60HZ ou 220V-60H, de 2 velocidades, regul\u00e1veis por varia\u00e7\u00e3o de tens\u00e3o, IP44, classe F, com rotor exterior de inje\u00e7\u00e3o de alum\u00ednio, rolamentos de esfera de lubrifica\u00e7\u00e3o permanente, condensador e protetor t\u00e9rmico incorporado. Outros dados Especialmente indicados para locais onde trabalham pessoas, sendo que o baixo n\u00edvel sonoro converte-se num elemento essencial para o conforto.<\/p>\n","protected":false},"featured_media":953,"comment_status":"open","ping_status":"closed","template":"","meta":{"inline_featured_image":false},"product_brand":[],"product_cat":[227,208,37],"product_tag":[],"class_list":{"0":"post-937","1":"product","2":"type-product","3":"status-publish","4":"has-post-thumbnail","6":"product_cat-solerpalau","7":"product_cat-ventiladores-in-line","8":"product_cat-otam-e-sp","10":"first","11":"instock","12":"shipping-taxable","13":"purchasable","14":"product-type-variable"},"_links":{"self":[{"href":"https:\/\/klimasul.com.br\/index.php?rest_route=\/wp\/v2\/product\/937","targetHints":{"allow":["GET"]}}],"collection":[{"href":"https:\/\/klimasul.com.br\/index.php?rest_route=\/wp\/v2\/product"}],"about":[{"href":"https:\/\/klimasul.com.br\/index.php?rest_route=\/wp\/v2\/types\/product"}],"replies":[{"embeddable":true,"href":"https:\/\/klimasul.com.br\/index.php?rest_route=%2Fwp%2Fv2%2Fcomments&post=937"}],"wp:featuredmedia":[{"embeddable":true,"href":"https:\/\/klimasul.com.br\/index.php?rest_route=\/wp\/v2\/media\/953"}],"wp:attachment":[{"href":"https:\/\/klimasul.com.br\/index.php?rest_route=%2Fwp%2Fv2%2Fmedia&parent=937"}],"wp:term":[{"taxonomy":"product_brand","embeddable":true,"href":"https:\/\/klimasul.com.br\/index.php?rest_route=%2Fwp%2Fv2%2Fproduct_brand&post=937"},{"taxonomy":"product_cat","embeddable":true,"href":"https:\/\/klimasul.com.br\/index.php?rest_route=%2Fwp%2Fv2%2Fproduct_cat&post=937"},{"taxonomy":"product_tag","embeddable":true,"href":"https:\/\/klimasul.com.br\/index.php?rest_route=%2Fwp%2Fv2%2Fproduct_tag&post=937"}],"curies":[{"name":"wp","href":"https:\/\/api.w.org\/{rel}","templated":true}]}}