{"id":967,"date":"2022-01-17T17:13:13","date_gmt":"2022-01-17T19:13:13","guid":{"rendered":"https:\/\/klimasul.com.br\/?post_type=product&#038;p=967"},"modified":"2022-04-06T11:10:03","modified_gmt":"2022-04-06T14:10:03","slug":"grelha-de-exaustao-de-plastico-gr-100-soler-palau","status":"publish","type":"product","link":"https:\/\/klimasul.com.br\/?product=grelha-de-exaustao-de-plastico-gr-100-soler-palau","title":{"rendered":"Grelha de exaust\u00e3o de pl\u00e1stico GR-100 &#8211; Soler &#038; Palau"},"content":{"rendered":"<p>Grelha de exaust\u00e3o de pl\u00e1stico para duto de \u00d8100 mm, de l\u00e2minas inclinadas.<br \/>\nEvita a entrada de \u00e1gua e corpos estranhos na instala\u00e7\u00e3o.<\/p>\n","protected":false},"excerpt":{"rendered":"<h1 class=\"js-product-name h2 h1-md \" data-store=\"product-name-47398364\">Grelha de exaust\u00e3o de pl\u00e1stico GR-100 &#8211; Soler &amp; Palau<\/h1>\n<p>Grelha de exaust\u00e3o de pl\u00e1stico para duto de \u00d8100 mm, de l\u00e2minas inclinadas.<br \/>\nEvita a entrada de \u00e1gua e corpos estranhos na instala\u00e7\u00e3o.<\/p>\n","protected":false},"featured_media":1220,"comment_status":"open","ping_status":"closed","template":"","meta":{"inline_featured_image":false},"product_brand":[],"product_cat":[227,59,205],"product_tag":[],"class_list":{"0":"post-967","1":"product","2":"type-product","3":"status-publish","4":"has-post-thumbnail","6":"product_cat-solerpalau","7":"product_cat-acessorios","8":"product_cat-acessorios-gama-habitat","10":"first","11":"instock","12":"shipping-taxable","13":"purchasable","14":"product-type-simple"},"_links":{"self":[{"href":"https:\/\/klimasul.com.br\/index.php?rest_route=\/wp\/v2\/product\/967","targetHints":{"allow":["GET"]}}],"collection":[{"href":"https:\/\/klimasul.com.br\/index.php?rest_route=\/wp\/v2\/product"}],"about":[{"href":"https:\/\/klimasul.com.br\/index.php?rest_route=\/wp\/v2\/types\/product"}],"replies":[{"embeddable":true,"href":"https:\/\/klimasul.com.br\/index.php?rest_route=%2Fwp%2Fv2%2Fcomments&post=967"}],"wp:featuredmedia":[{"embeddable":true,"href":"https:\/\/klimasul.com.br\/index.php?rest_route=\/wp\/v2\/media\/1220"}],"wp:attachment":[{"href":"https:\/\/klimasul.com.br\/index.php?rest_route=%2Fwp%2Fv2%2Fmedia&parent=967"}],"wp:term":[{"taxonomy":"product_brand","embeddable":true,"href":"https:\/\/klimasul.com.br\/index.php?rest_route=%2Fwp%2Fv2%2Fproduct_brand&post=967"},{"taxonomy":"product_cat","embeddable":true,"href":"https:\/\/klimasul.com.br\/index.php?rest_route=%2Fwp%2Fv2%2Fproduct_cat&post=967"},{"taxonomy":"product_tag","embeddable":true,"href":"https:\/\/klimasul.com.br\/index.php?rest_route=%2Fwp%2Fv2%2Fproduct_tag&post=967"}],"curies":[{"name":"wp","href":"https:\/\/api.w.org\/{rel}","templated":true}]}}