{"id":970,"date":"2022-01-17T17:14:43","date_gmt":"2022-01-17T19:14:43","guid":{"rendered":"https:\/\/klimasul.com.br\/?post_type=product&#038;p=970"},"modified":"2022-04-06T11:09:44","modified_gmt":"2022-04-06T14:09:44","slug":"comporta-anti-retorno-metalica-mca-s-soler-palau","status":"publish","type":"product","link":"https:\/\/klimasul.com.br\/?product=comporta-anti-retorno-metalica-mca-s-soler-palau","title":{"rendered":"Comporta anti-retorno met\u00e1lica MCA-S &#8211; Soler &#038; Palau"},"content":{"rendered":"<p>Comporta anti-retorno met\u00e1lica para instala\u00e7\u00e3o na descarga dos ventiladores TD Silent.<\/p>\n<p>Impedem a entrada de odores, correntes de ar e evitam fugas de ar climatizado quando o exaustor se encontra desligado.<\/p>\n","protected":false},"excerpt":{"rendered":"<h1 class=\"js-product-name h2 h1-md \" data-store=\"product-name-47393451\">Comporta anti-retorno met\u00e1lica MCA-S &#8211; Soler &amp; Palau<\/h1>\n<p>Comporta anti-retorno met\u00e1lica para instala\u00e7\u00e3o na descarga dos ventiladores TD Silent.<\/p>\n<p>Impedem a entrada de odores, correntes de ar e evitam fugas de ar climatizado quando o exaustor se encontra desligado.<\/p>\n","protected":false},"featured_media":1224,"comment_status":"open","ping_status":"closed","template":"","meta":{"inline_featured_image":false},"product_brand":[],"product_cat":[227,59],"product_tag":[],"class_list":{"0":"post-970","1":"product","2":"type-product","3":"status-publish","4":"has-post-thumbnail","6":"product_cat-solerpalau","7":"product_cat-acessorios","9":"first","10":"instock","11":"shipping-taxable","12":"purchasable","13":"product-type-variable"},"_links":{"self":[{"href":"https:\/\/klimasul.com.br\/index.php?rest_route=\/wp\/v2\/product\/970","targetHints":{"allow":["GET"]}}],"collection":[{"href":"https:\/\/klimasul.com.br\/index.php?rest_route=\/wp\/v2\/product"}],"about":[{"href":"https:\/\/klimasul.com.br\/index.php?rest_route=\/wp\/v2\/types\/product"}],"replies":[{"embeddable":true,"href":"https:\/\/klimasul.com.br\/index.php?rest_route=%2Fwp%2Fv2%2Fcomments&post=970"}],"wp:featuredmedia":[{"embeddable":true,"href":"https:\/\/klimasul.com.br\/index.php?rest_route=\/wp\/v2\/media\/1224"}],"wp:attachment":[{"href":"https:\/\/klimasul.com.br\/index.php?rest_route=%2Fwp%2Fv2%2Fmedia&parent=970"}],"wp:term":[{"taxonomy":"product_brand","embeddable":true,"href":"https:\/\/klimasul.com.br\/index.php?rest_route=%2Fwp%2Fv2%2Fproduct_brand&post=970"},{"taxonomy":"product_cat","embeddable":true,"href":"https:\/\/klimasul.com.br\/index.php?rest_route=%2Fwp%2Fv2%2Fproduct_cat&post=970"},{"taxonomy":"product_tag","embeddable":true,"href":"https:\/\/klimasul.com.br\/index.php?rest_route=%2Fwp%2Fv2%2Fproduct_tag&post=970"}],"curies":[{"name":"wp","href":"https:\/\/api.w.org\/{rel}","templated":true}]}}