{"id":972,"date":"2022-01-17T17:15:49","date_gmt":"2022-01-17T19:15:49","guid":{"rendered":"https:\/\/klimasul.com.br\/?post_type=product&#038;p=972"},"modified":"2022-04-06T11:09:24","modified_gmt":"2022-04-06T14:09:24","slug":"regulador-de-vazao-rd-soler-palau","status":"publish","type":"product","link":"https:\/\/klimasul.com.br\/?product=regulador-de-vazao-rd-soler-palau","title":{"rendered":"Regulador de vaz\u00e3o RD &#8211; Soler &#038; Palau"},"content":{"rendered":"<p>Reguladores de vaz\u00e3o que se instalam no interior de um duto para conseguir uma vaz\u00e3o constante numa classe de utiliza\u00e7\u00e3o de press\u00e3o entre 50 e 200 Pa.<\/p>\n<p>\u2022 Utiliza-se tanto em ventila\u00e7\u00e3o como em ar. condicionado, em exaust\u00e3o ou insuflamento de ar.<br \/>\n\u2022 Encaixe simples no interior do duto.<br \/>\n\u2022 Estanqueidade e estabilidade mediante junta escova.<br \/>\n\u2022 Classifica\u00e7\u00e3o ao fogo M1.<br \/>\nRD \u00d8 \/ vaz\u00e3o (m3 \/h).<\/p>\n","protected":false},"excerpt":{"rendered":"<h1 class=\"js-product-name h2 h1-md \" data-store=\"product-name-47386670\">Regulador de vaz\u00e3o RD &#8211; Soler &amp; Palau<\/h1>\n<p>Reguladores de vaz\u00e3o que se instalam no interior de um duto para conseguir uma vaz\u00e3o constante numa classe de utiliza\u00e7\u00e3o de press\u00e3o entre 50 e 200 Pa.<\/p>\n<p>\u2022 Utiliza-se tanto em ventila\u00e7\u00e3o como em ar. condicionado, em exaust\u00e3o ou insuflamento de ar.<br \/>\n\u2022 Encaixe simples no interior do duto.<br \/>\n\u2022 Estanqueidade e estabilidade mediante junta escova.<br \/>\n\u2022 Classifica\u00e7\u00e3o ao fogo M1.<br \/>\nRD \u00d8 \/ vaz\u00e3o (m3 \/h).<\/p>\n","protected":false},"featured_media":1228,"comment_status":"open","ping_status":"closed","template":"","meta":{"inline_featured_image":false},"product_brand":[],"product_cat":[227,59],"product_tag":[],"class_list":{"0":"post-972","1":"product","2":"type-product","3":"status-publish","4":"has-post-thumbnail","6":"product_cat-solerpalau","7":"product_cat-acessorios","9":"first","10":"instock","11":"shipping-taxable","12":"purchasable","13":"product-type-variable"},"_links":{"self":[{"href":"https:\/\/klimasul.com.br\/index.php?rest_route=\/wp\/v2\/product\/972","targetHints":{"allow":["GET"]}}],"collection":[{"href":"https:\/\/klimasul.com.br\/index.php?rest_route=\/wp\/v2\/product"}],"about":[{"href":"https:\/\/klimasul.com.br\/index.php?rest_route=\/wp\/v2\/types\/product"}],"replies":[{"embeddable":true,"href":"https:\/\/klimasul.com.br\/index.php?rest_route=%2Fwp%2Fv2%2Fcomments&post=972"}],"wp:featuredmedia":[{"embeddable":true,"href":"https:\/\/klimasul.com.br\/index.php?rest_route=\/wp\/v2\/media\/1228"}],"wp:attachment":[{"href":"https:\/\/klimasul.com.br\/index.php?rest_route=%2Fwp%2Fv2%2Fmedia&parent=972"}],"wp:term":[{"taxonomy":"product_brand","embeddable":true,"href":"https:\/\/klimasul.com.br\/index.php?rest_route=%2Fwp%2Fv2%2Fproduct_brand&post=972"},{"taxonomy":"product_cat","embeddable":true,"href":"https:\/\/klimasul.com.br\/index.php?rest_route=%2Fwp%2Fv2%2Fproduct_cat&post=972"},{"taxonomy":"product_tag","embeddable":true,"href":"https:\/\/klimasul.com.br\/index.php?rest_route=%2Fwp%2Fv2%2Fproduct_tag&post=972"}],"curies":[{"name":"wp","href":"https:\/\/api.w.org\/{rel}","templated":true}]}}