{"id":973,"date":"2022-01-17T17:16:38","date_gmt":"2022-01-17T19:16:38","guid":{"rendered":"https:\/\/klimasul.com.br\/?post_type=product&#038;p=973"},"modified":"2022-04-06T11:09:15","modified_gmt":"2022-04-06T14:09:15","slug":"enderecadores-de-vazao-mpc-soler-palau","status":"publish","type":"product","link":"https:\/\/klimasul.com.br\/?product=enderecadores-de-vazao-mpc-soler-palau","title":{"rendered":"Endere\u00e7adores de vaz\u00e3o MPC &#8211; Soler &#038; Palau"},"content":{"rendered":"<p>Endere\u00e7adores de vaz\u00e3o, concebidos para medir corretamente as press\u00f5es na aspira\u00e7\u00e3o dos aparelhos da s\u00e9rie TD, sem que sejam afetadas por fluxos n\u00e3o desejados.<\/p>\n","protected":false},"excerpt":{"rendered":"<h1 class=\"js-product-name h2 h1-md \" data-store=\"product-name-47374020\">Endere\u00e7adores de vaz\u00e3o MPC &#8211; Soler &amp; Palau<\/h1>\n<p>Endere\u00e7adores de vaz\u00e3o, concebidos para medir corretamente as press\u00f5es na aspira\u00e7\u00e3o dos aparelhos da s\u00e9rie TD, sem que sejam afetadas por fluxos n\u00e3o desejados.<\/p>\n","protected":false},"featured_media":1230,"comment_status":"open","ping_status":"closed","template":"","meta":{"inline_featured_image":false},"product_brand":[],"product_cat":[227,59,37],"product_tag":[],"class_list":{"0":"post-973","1":"product","2":"type-product","3":"status-publish","4":"has-post-thumbnail","6":"product_cat-solerpalau","7":"product_cat-acessorios","8":"product_cat-otam-e-sp","10":"first","11":"instock","12":"shipping-taxable","13":"purchasable","14":"product-type-variable"},"_links":{"self":[{"href":"https:\/\/klimasul.com.br\/index.php?rest_route=\/wp\/v2\/product\/973","targetHints":{"allow":["GET"]}}],"collection":[{"href":"https:\/\/klimasul.com.br\/index.php?rest_route=\/wp\/v2\/product"}],"about":[{"href":"https:\/\/klimasul.com.br\/index.php?rest_route=\/wp\/v2\/types\/product"}],"replies":[{"embeddable":true,"href":"https:\/\/klimasul.com.br\/index.php?rest_route=%2Fwp%2Fv2%2Fcomments&post=973"}],"wp:featuredmedia":[{"embeddable":true,"href":"https:\/\/klimasul.com.br\/index.php?rest_route=\/wp\/v2\/media\/1230"}],"wp:attachment":[{"href":"https:\/\/klimasul.com.br\/index.php?rest_route=%2Fwp%2Fv2%2Fmedia&parent=973"}],"wp:term":[{"taxonomy":"product_brand","embeddable":true,"href":"https:\/\/klimasul.com.br\/index.php?rest_route=%2Fwp%2Fv2%2Fproduct_brand&post=973"},{"taxonomy":"product_cat","embeddable":true,"href":"https:\/\/klimasul.com.br\/index.php?rest_route=%2Fwp%2Fv2%2Fproduct_cat&post=973"},{"taxonomy":"product_tag","embeddable":true,"href":"https:\/\/klimasul.com.br\/index.php?rest_route=%2Fwp%2Fv2%2Fproduct_tag&post=973"}],"curies":[{"name":"wp","href":"https:\/\/api.w.org\/{rel}","templated":true}]}}