{"id":974,"date":"2022-01-17T17:17:16","date_gmt":"2022-01-17T19:17:16","guid":{"rendered":"https:\/\/klimasul.com.br\/?post_type=product&#038;p=974"},"modified":"2022-04-06T11:09:07","modified_gmt":"2022-04-06T14:09:07","slug":"boca-de-exaustao-regulavel-boc-soler-palau","status":"publish","type":"product","link":"https:\/\/klimasul.com.br\/?product=boca-de-exaustao-regulavel-boc-soler-palau","title":{"rendered":"Boca de exaust\u00e3o regul\u00e1vel BOC &#8211; Soler &#038; Palau"},"content":{"rendered":"<p>Bocas de exaust\u00e3o regul\u00e1veis fabricadas em chapa de a\u00e7o cobertas com pintura epox\u00ed de cor branca.<\/p>\n<p>Utilizam-se para a exaust\u00e3o do ar em habita\u00e7\u00f5es e em locais de uso comercial. A sua vaz\u00e3o de ar \u00e9 constante para press\u00f5es entre 80 e 140 Pa.<br \/>\nPodem ser instaladas em parede ou teto.<\/p>\n","protected":false},"excerpt":{"rendered":"<h1 class=\"js-product-name h2 h1-md \" data-store=\"product-name-47371702\">Boca de exaust\u00e3o regul\u00e1vel BOC &#8211; Soler &amp; Palau<\/h1>\n<p>Bocas de exaust\u00e3o regul\u00e1veis fabricadas em chapa de a\u00e7o cobertas com pintura epox\u00ed de cor branca.<\/p>\n<p>Utilizam-se para a exaust\u00e3o do ar em habita\u00e7\u00f5es e em locais de uso comercial. A sua vaz\u00e3o de ar \u00e9 constante para press\u00f5es entre 80 e 140 Pa.<br \/>\nPodem ser instaladas em parede ou teto.<\/p>\n","protected":false},"featured_media":1232,"comment_status":"open","ping_status":"closed","template":"","meta":{"inline_featured_image":false},"product_brand":[],"product_cat":[227,59],"product_tag":[],"class_list":{"0":"post-974","1":"product","2":"type-product","3":"status-publish","4":"has-post-thumbnail","6":"product_cat-solerpalau","7":"product_cat-acessorios","9":"first","10":"instock","11":"shipping-taxable","12":"purchasable","13":"product-type-variable"},"_links":{"self":[{"href":"https:\/\/klimasul.com.br\/index.php?rest_route=\/wp\/v2\/product\/974","targetHints":{"allow":["GET"]}}],"collection":[{"href":"https:\/\/klimasul.com.br\/index.php?rest_route=\/wp\/v2\/product"}],"about":[{"href":"https:\/\/klimasul.com.br\/index.php?rest_route=\/wp\/v2\/types\/product"}],"replies":[{"embeddable":true,"href":"https:\/\/klimasul.com.br\/index.php?rest_route=%2Fwp%2Fv2%2Fcomments&post=974"}],"wp:featuredmedia":[{"embeddable":true,"href":"https:\/\/klimasul.com.br\/index.php?rest_route=\/wp\/v2\/media\/1232"}],"wp:attachment":[{"href":"https:\/\/klimasul.com.br\/index.php?rest_route=%2Fwp%2Fv2%2Fmedia&parent=974"}],"wp:term":[{"taxonomy":"product_brand","embeddable":true,"href":"https:\/\/klimasul.com.br\/index.php?rest_route=%2Fwp%2Fv2%2Fproduct_brand&post=974"},{"taxonomy":"product_cat","embeddable":true,"href":"https:\/\/klimasul.com.br\/index.php?rest_route=%2Fwp%2Fv2%2Fproduct_cat&post=974"},{"taxonomy":"product_tag","embeddable":true,"href":"https:\/\/klimasul.com.br\/index.php?rest_route=%2Fwp%2Fv2%2Fproduct_tag&post=974"}],"curies":[{"name":"wp","href":"https:\/\/api.w.org\/{rel}","templated":true}]}}