{"id":975,"date":"2022-01-17T17:20:19","date_gmt":"2022-01-17T19:20:19","guid":{"rendered":"https:\/\/klimasul.com.br\/?post_type=product&#038;p=975"},"modified":"2022-04-06T11:08:57","modified_gmt":"2022-04-06T14:08:57","slug":"suporte-anti-vibratorio-kse-4-unidades-soler-palau","status":"publish","type":"product","link":"https:\/\/klimasul.com.br\/?product=suporte-anti-vibratorio-kse-4-unidades-soler-palau","title":{"rendered":"Suporte anti-vibrat\u00f3rio KSE (4 unidades) &#8211; Soler &#038; Palau"},"content":{"rendered":"<p>Suportes anti-vibrat\u00f3rios de borracha que permitem amortecer as vibra\u00e7\u00f5es e atenuar o n\u00edvel sonoro da instala\u00e7\u00e3o.<br \/>\n(1 KSE = 4 suportes em uma bolsa)<\/p>\n","protected":false},"excerpt":{"rendered":"<h1 class=\"js-product-name h2 h1-md \" data-store=\"product-name-47368492\">Suporte anti-vibrat\u00f3rio KSE (4 unidades) &#8211; Soler &amp; Palau<\/h1>\n<p>Suportes anti-vibrat\u00f3rios de borracha que permitem amortecer as vibra\u00e7\u00f5es e atenuar o n\u00edvel sonoro da instala\u00e7\u00e3o.<br \/>\n(1 KSE = 4 suportes em uma bolsa)<\/p>\n","protected":false},"featured_media":1234,"comment_status":"open","ping_status":"closed","template":"","meta":{"inline_featured_image":false},"product_brand":[],"product_cat":[227,59,37],"product_tag":[],"class_list":{"0":"post-975","1":"product","2":"type-product","3":"status-publish","4":"has-post-thumbnail","6":"product_cat-solerpalau","7":"product_cat-acessorios","8":"product_cat-otam-e-sp","10":"first","11":"instock","12":"shipping-taxable","13":"purchasable","14":"product-type-variable"},"_links":{"self":[{"href":"https:\/\/klimasul.com.br\/index.php?rest_route=\/wp\/v2\/product\/975","targetHints":{"allow":["GET"]}}],"collection":[{"href":"https:\/\/klimasul.com.br\/index.php?rest_route=\/wp\/v2\/product"}],"about":[{"href":"https:\/\/klimasul.com.br\/index.php?rest_route=\/wp\/v2\/types\/product"}],"replies":[{"embeddable":true,"href":"https:\/\/klimasul.com.br\/index.php?rest_route=%2Fwp%2Fv2%2Fcomments&post=975"}],"wp:featuredmedia":[{"embeddable":true,"href":"https:\/\/klimasul.com.br\/index.php?rest_route=\/wp\/v2\/media\/1234"}],"wp:attachment":[{"href":"https:\/\/klimasul.com.br\/index.php?rest_route=%2Fwp%2Fv2%2Fmedia&parent=975"}],"wp:term":[{"taxonomy":"product_brand","embeddable":true,"href":"https:\/\/klimasul.com.br\/index.php?rest_route=%2Fwp%2Fv2%2Fproduct_brand&post=975"},{"taxonomy":"product_cat","embeddable":true,"href":"https:\/\/klimasul.com.br\/index.php?rest_route=%2Fwp%2Fv2%2Fproduct_cat&post=975"},{"taxonomy":"product_tag","embeddable":true,"href":"https:\/\/klimasul.com.br\/index.php?rest_route=%2Fwp%2Fv2%2Fproduct_tag&post=975"}],"curies":[{"name":"wp","href":"https:\/\/api.w.org\/{rel}","templated":true}]}}