{"id":977,"date":"2022-01-17T17:22:03","date_gmt":"2022-01-17T19:22:03","guid":{"rendered":"https:\/\/klimasul.com.br\/?post_type=product&#038;p=977"},"modified":"2022-03-29T15:03:54","modified_gmt":"2022-03-29T18:03:54","slug":"persiana-de-sobrepressao-per-w-soler-palau","status":"publish","type":"product","link":"https:\/\/klimasul.com.br\/?product=persiana-de-sobrepressao-per-w-soler-palau","title":{"rendered":"Persiana de sobrepress\u00e3o PER-W &#8211; Soler &#038; Palau"},"content":{"rendered":"<p>Persiana de sobrepress\u00e3o constru\u00edda em material termopl\u00e1stico, de cor cinzenta, estabilizado contra os raios UV.<\/p>\n<p>Ideal em instala\u00e7\u00f5es agropecu\u00e1rias, devido \u00e0 resist\u00eancia contra fluxos abrasivos.<\/p>\n<p>&nbsp;<\/p>\n<p><strong>Modelos 250 a 500:<\/strong><br \/>\n<img decoding=\"async\" src=\"https:\/\/d26lpennugtm8s.cloudfront.net\/stores\/001\/116\/455\/rte\/PER-W%20100-5001.jpg\" alt=\"\" \/><\/p>\n<p>&nbsp;<\/p>\n<p><strong>Modelos 560 a 630:<\/strong><\/p>\n<p><strong><img decoding=\"async\" src=\"https:\/\/d26lpennugtm8s.cloudfront.net\/stores\/001\/116\/455\/rte\/PER-W%20560-1000.jpg\" alt=\"\" \/><\/strong><\/p>\n","protected":false},"excerpt":{"rendered":"<h1 class=\"js-product-name h2 h1-md \" data-store=\"product-name-47268721\">Persiana de sobrepress\u00e3o PER-W &#8211; Soler &amp; Palau<\/h1>\n<p>Persiana de sobrepress\u00e3o constru\u00edda em material termopl\u00e1stico, de cor cinzenta, estabilizado contra os raios UV.<\/p>\n<p>Ideal em instala\u00e7\u00f5es agropecu\u00e1rias, devido \u00e0 resist\u00eancia contra fluxos abrasivos.<\/p>\n","protected":false},"featured_media":1239,"comment_status":"open","ping_status":"closed","template":"","meta":{"inline_featured_image":false},"product_brand":[],"product_cat":[227,59,205],"product_tag":[],"class_list":{"0":"post-977","1":"product","2":"type-product","3":"status-publish","4":"has-post-thumbnail","6":"product_cat-solerpalau","7":"product_cat-acessorios","8":"product_cat-acessorios-gama-habitat","10":"first","11":"instock","12":"shipping-taxable","13":"purchasable","14":"product-type-variable"},"_links":{"self":[{"href":"https:\/\/klimasul.com.br\/index.php?rest_route=\/wp\/v2\/product\/977","targetHints":{"allow":["GET"]}}],"collection":[{"href":"https:\/\/klimasul.com.br\/index.php?rest_route=\/wp\/v2\/product"}],"about":[{"href":"https:\/\/klimasul.com.br\/index.php?rest_route=\/wp\/v2\/types\/product"}],"replies":[{"embeddable":true,"href":"https:\/\/klimasul.com.br\/index.php?rest_route=%2Fwp%2Fv2%2Fcomments&post=977"}],"wp:featuredmedia":[{"embeddable":true,"href":"https:\/\/klimasul.com.br\/index.php?rest_route=\/wp\/v2\/media\/1239"}],"wp:attachment":[{"href":"https:\/\/klimasul.com.br\/index.php?rest_route=%2Fwp%2Fv2%2Fmedia&parent=977"}],"wp:term":[{"taxonomy":"product_brand","embeddable":true,"href":"https:\/\/klimasul.com.br\/index.php?rest_route=%2Fwp%2Fv2%2Fproduct_brand&post=977"},{"taxonomy":"product_cat","embeddable":true,"href":"https:\/\/klimasul.com.br\/index.php?rest_route=%2Fwp%2Fv2%2Fproduct_cat&post=977"},{"taxonomy":"product_tag","embeddable":true,"href":"https:\/\/klimasul.com.br\/index.php?rest_route=%2Fwp%2Fv2%2Fproduct_tag&post=977"}],"curies":[{"name":"wp","href":"https:\/\/api.w.org\/{rel}","templated":true}]}}