{"id":978,"date":"2022-01-17T17:22:42","date_gmt":"2022-01-17T19:22:42","guid":{"rendered":"https:\/\/klimasul.com.br\/?post_type=product&#038;p=978"},"modified":"2022-04-06T11:08:35","modified_gmt":"2022-04-06T14:08:35","slug":"tela-de-protecao-def-d-soler-palau","status":"publish","type":"product","link":"https:\/\/klimasul.com.br\/?product=tela-de-protecao-def-d-soler-palau","title":{"rendered":"Tela de prote\u00e7\u00e3o DEF-D &#8211; Soler &#038; Palau"},"content":{"rendered":"<p>Tela de prote\u00e7\u00e3o para evitar contato com a h\u00e9lice do ventilador. Para instalar no lado da descarga.<\/p>\n<p>Largura de espa\u00e7o entre malha (mm): 10,6 x 10,6 (modelos 250 a 525) 25 x 25 (modelos 630 a 1000).<\/p>\n","protected":false},"excerpt":{"rendered":"<h1 class=\"js-product-name h2 h1-md \" data-store=\"product-name-47263132\">Tela de prote\u00e7\u00e3o DEF-D &#8211; Soler &amp; Palau<\/h1>\n<p>Tela de prote\u00e7\u00e3o para evitar contato com a h\u00e9lice do ventilador. Para instalar no lado da descarga.<\/p>\n<p>Largura de espa\u00e7o entre malha (mm): 10,6 x 10,6 (modelos 250 a 525) 25 x 25 (modelos 630 a 1000).<\/p>\n","protected":false},"featured_media":1241,"comment_status":"open","ping_status":"closed","template":"","meta":{"inline_featured_image":false},"product_brand":[],"product_cat":[227,59,37],"product_tag":[],"class_list":{"0":"post-978","1":"product","2":"type-product","3":"status-publish","4":"has-post-thumbnail","6":"product_cat-solerpalau","7":"product_cat-acessorios","8":"product_cat-otam-e-sp","10":"first","11":"instock","12":"shipping-taxable","13":"purchasable","14":"product-type-variable"},"_links":{"self":[{"href":"https:\/\/klimasul.com.br\/index.php?rest_route=\/wp\/v2\/product\/978","targetHints":{"allow":["GET"]}}],"collection":[{"href":"https:\/\/klimasul.com.br\/index.php?rest_route=\/wp\/v2\/product"}],"about":[{"href":"https:\/\/klimasul.com.br\/index.php?rest_route=\/wp\/v2\/types\/product"}],"replies":[{"embeddable":true,"href":"https:\/\/klimasul.com.br\/index.php?rest_route=%2Fwp%2Fv2%2Fcomments&post=978"}],"wp:featuredmedia":[{"embeddable":true,"href":"https:\/\/klimasul.com.br\/index.php?rest_route=\/wp\/v2\/media\/1241"}],"wp:attachment":[{"href":"https:\/\/klimasul.com.br\/index.php?rest_route=%2Fwp%2Fv2%2Fmedia&parent=978"}],"wp:term":[{"taxonomy":"product_brand","embeddable":true,"href":"https:\/\/klimasul.com.br\/index.php?rest_route=%2Fwp%2Fv2%2Fproduct_brand&post=978"},{"taxonomy":"product_cat","embeddable":true,"href":"https:\/\/klimasul.com.br\/index.php?rest_route=%2Fwp%2Fv2%2Fproduct_cat&post=978"},{"taxonomy":"product_tag","embeddable":true,"href":"https:\/\/klimasul.com.br\/index.php?rest_route=%2Fwp%2Fv2%2Fproduct_tag&post=978"}],"curies":[{"name":"wp","href":"https:\/\/api.w.org\/{rel}","templated":true}]}}