{"id":980,"date":"2022-01-17T17:25:05","date_gmt":"2022-01-17T19:25:05","guid":{"rendered":"https:\/\/klimasul.com.br\/?post_type=product&#038;p=980"},"modified":"2022-04-06T11:08:16","modified_gmt":"2022-04-06T14:08:16","slug":"hcfb-de-parede-soler-palau","status":"publish","type":"product","link":"https:\/\/klimasul.com.br\/?product=hcfb-de-parede-soler-palau","title":{"rendered":"HCFB de parede &#8211; Soler &#038; Palau"},"content":{"rendered":"<p>Ventiladores axiais de parede com h\u00e9lice pl\u00e1stica refor\u00e7ada com fibra de vidro, motor monof\u00e1sico (HCFB ou HCGB) IP65, Classe F (1), protetor t\u00e9rmico incorporado e caixa de bornes ign\u00edfuga VO.<\/p>\n<p><strong>Motores<\/strong><br \/>\nDe 2 ou 4 p\u00f3los, segundo as vers\u00f5es. Regul\u00e1veis\u00a0<strong>por voltagem com auto transformador<\/strong>, exceto modelo HCFB\/2-250\/H. Tens\u00e3o de alimenta\u00e7\u00e3o Monof\u00e1sicos 127V 60HZ ou 220V-60HZ (Ver quadro de caracter\u00edsticas).<\/p>\n<p><strong>Outros dados<\/strong><br \/>\nSentido do ar Motor-H\u00e9lice (fluxo A). H\u00e9lice-Motor (fluxo B) sob pedido.<\/p>\n<p>(1) Temperatura ambiental de trabalho: de -40\u00baC a +70\u00baC.<\/p>\n<p>&nbsp;<\/p>\n<ul>\n<li><strong>Super Compacto<\/strong><br \/>\nEspecial desenho do conjunto motor-h\u00e9lice, que proporciona um conjunto compacto e herm\u00e9tico IP65.<\/li>\n<li><strong>Resist\u00eancia \u00e0 corros\u00e3o<\/strong><br \/>\nConjunto met\u00e1lico marco-grelha protegido contra a corros\u00e3o atrav\u00e9s de tratamento por cataforesis + pintura poli\u00e9ster. Parafusos inoxid\u00e1veis.<\/li>\n<li><strong>Caixa de bornes ign\u00edfuga<\/strong><br \/>\nCaixa de bornes de pl\u00e1stico ign\u00edfugo V0 (cont\u00e9m o condensador nos modelos monof\u00e1sicos). Prensa-cabos PG-11.<\/li>\n<li><strong>H\u00e9lice balanceada dinamicamente<\/strong><br \/>\nH\u00e9lice balanceada dinamicamente, segundo a norma ISO 1940, para reduzir o ru\u00eddo e evitar vibra\u00e7\u00f5es.<\/li>\n<\/ul>\n<p>&nbsp;<\/p>\n<p><img decoding=\"async\" src=\"https:\/\/d26lpennugtm8s.cloudfront.net\/stores\/001\/116\/455\/rte\/h1.png\" alt=\"\" \/><\/p>\n<p><img decoding=\"async\" src=\"https:\/\/d26lpennugtm8s.cloudfront.net\/stores\/001\/116\/455\/rte\/h2.png\" alt=\"\" \/><\/p>\n","protected":false},"excerpt":{"rendered":"<h1 class=\"js-product-name h2 h1-md \" data-store=\"product-name-47191265\">HCFB de parede &#8211; Soler &amp; Palau<\/h1>\n<p>Ventiladores axiais de parede com h\u00e9lice pl\u00e1stica refor\u00e7ada com fibra de vidro, motor monof\u00e1sico (HCFB ou HCGB) IP65, Classe F (1), protetor t\u00e9rmico incorporado e caixa de bornes ign\u00edfuga VO.<\/p>\n","protected":false},"featured_media":1256,"comment_status":"open","ping_status":"closed","template":"","meta":{"inline_featured_image":false},"product_brand":[],"product_cat":[206,227],"product_tag":[],"class_list":{"0":"post-980","1":"product","2":"type-product","3":"status-publish","4":"has-post-thumbnail","6":"product_cat-exaustores-axiais-para-parede","7":"product_cat-solerpalau","9":"first","10":"instock","11":"shipping-taxable","12":"purchasable","13":"product-type-simple"},"_links":{"self":[{"href":"https:\/\/klimasul.com.br\/index.php?rest_route=\/wp\/v2\/product\/980","targetHints":{"allow":["GET"]}}],"collection":[{"href":"https:\/\/klimasul.com.br\/index.php?rest_route=\/wp\/v2\/product"}],"about":[{"href":"https:\/\/klimasul.com.br\/index.php?rest_route=\/wp\/v2\/types\/product"}],"replies":[{"embeddable":true,"href":"https:\/\/klimasul.com.br\/index.php?rest_route=%2Fwp%2Fv2%2Fcomments&post=980"}],"wp:featuredmedia":[{"embeddable":true,"href":"https:\/\/klimasul.com.br\/index.php?rest_route=\/wp\/v2\/media\/1256"}],"wp:attachment":[{"href":"https:\/\/klimasul.com.br\/index.php?rest_route=%2Fwp%2Fv2%2Fmedia&parent=980"}],"wp:term":[{"taxonomy":"product_brand","embeddable":true,"href":"https:\/\/klimasul.com.br\/index.php?rest_route=%2Fwp%2Fv2%2Fproduct_brand&post=980"},{"taxonomy":"product_cat","embeddable":true,"href":"https:\/\/klimasul.com.br\/index.php?rest_route=%2Fwp%2Fv2%2Fproduct_cat&post=980"},{"taxonomy":"product_tag","embeddable":true,"href":"https:\/\/klimasul.com.br\/index.php?rest_route=%2Fwp%2Fv2%2Fproduct_tag&post=980"}],"curies":[{"name":"wp","href":"https:\/\/api.w.org\/{rel}","templated":true}]}}