{"id":981,"date":"2022-01-17T17:26:10","date_gmt":"2022-01-17T19:26:10","guid":{"rendered":"https:\/\/klimasul.com.br\/?post_type=product&#038;p=981"},"modified":"2022-04-06T11:08:03","modified_gmt":"2022-04-06T14:08:03","slug":"vent-soler-palau","status":"publish","type":"product","link":"https:\/\/klimasul.com.br\/?product=vent-soler-palau","title":{"rendered":"Vent &#8211; Soler &#038; Palau"},"content":{"rendered":"<div class=\"product-description user-content\">\n<p>Exaustores centr\u00edfugos fabricados em chapa de a\u00e7o galvanizado, com rotor de p\u00e1s inclinadas para tr\u00e1s, fabricado em inje\u00e7\u00e3o de pl\u00e1stico.<\/p>\n<p><strong>Motores<\/strong><br \/>\nMotor rotor exterior monof\u00e1sico, IP44, classe B, com rolamentos de esferas e protetor t\u00e9rmico.<\/p>\n<p><strong>Informa\u00e7\u00e3o adicional<\/strong><br \/>\nVers\u00e3o \u201cL\u201d: Modelos de alto rendimento<br \/>\nVers\u00e3o \u201cB\u201d: Modelos standard para instala\u00e7\u00f5es onde seja necess\u00e1rio um baixo n\u00edvel de ru\u00eddo.<\/p>\n<p><img decoding=\"async\" src=\"https:\/\/d26lpennugtm8s.cloudfront.net\/stores\/001\/116\/455\/rte\/p1.png\" alt=\"\" \/><\/p>\n<\/div>\n<div class=\"social-share \"><a class=\"social-share-button\" title=\"Compartilhar pelo Facebook\" href=\"https:\/\/www.facebook.com\/sharer\/sharer.php?u=https:\/\/klimaporto.com.br\/produtos\/vent-soler-palau\/\" target=\"_blank\" rel=\"noopener\" data-network=\"facebook\" aria-label=\"Compartilhar pelo Facebook\">\u00a0<\/a><a class=\"social-share-button\" title=\"Compartilhar pelo Twitter\" href=\"https:\/\/twitter.com\/share?url=https:\/\/klimaporto.com.br\/produtos\/vent-soler-palau\/\" target=\"_blank\" rel=\"noopener\" data-network=\"twitter\" aria-label=\"Compartilhar pelo Twitter\">\u00a0<\/a><\/div>\n","protected":false},"excerpt":{"rendered":"<h1 class=\"js-product-name h2 h1-md \" data-store=\"product-name-47151326\">Vent &#8211; Soler &amp; Palau<\/h1>\n<p>Exaustores centr\u00edfugos fabricados em chapa de a\u00e7o galvanizado, com rotor de p\u00e1s inclinadas para tr\u00e1s, fabricado em inje\u00e7\u00e3o de pl\u00e1stico.<\/p>\n","protected":false},"featured_media":1268,"comment_status":"open","ping_status":"closed","template":"","meta":{"inline_featured_image":false},"product_brand":[],"product_cat":[227,208,37],"product_tag":[],"class_list":{"0":"post-981","1":"product","2":"type-product","3":"status-publish","4":"has-post-thumbnail","6":"product_cat-solerpalau","7":"product_cat-ventiladores-in-line","8":"product_cat-otam-e-sp","10":"first","11":"instock","12":"shipping-taxable","13":"purchasable","14":"product-type-variable"},"_links":{"self":[{"href":"https:\/\/klimasul.com.br\/index.php?rest_route=\/wp\/v2\/product\/981","targetHints":{"allow":["GET"]}}],"collection":[{"href":"https:\/\/klimasul.com.br\/index.php?rest_route=\/wp\/v2\/product"}],"about":[{"href":"https:\/\/klimasul.com.br\/index.php?rest_route=\/wp\/v2\/types\/product"}],"replies":[{"embeddable":true,"href":"https:\/\/klimasul.com.br\/index.php?rest_route=%2Fwp%2Fv2%2Fcomments&post=981"}],"wp:featuredmedia":[{"embeddable":true,"href":"https:\/\/klimasul.com.br\/index.php?rest_route=\/wp\/v2\/media\/1268"}],"wp:attachment":[{"href":"https:\/\/klimasul.com.br\/index.php?rest_route=%2Fwp%2Fv2%2Fmedia&parent=981"}],"wp:term":[{"taxonomy":"product_brand","embeddable":true,"href":"https:\/\/klimasul.com.br\/index.php?rest_route=%2Fwp%2Fv2%2Fproduct_brand&post=981"},{"taxonomy":"product_cat","embeddable":true,"href":"https:\/\/klimasul.com.br\/index.php?rest_route=%2Fwp%2Fv2%2Fproduct_cat&post=981"},{"taxonomy":"product_tag","embeddable":true,"href":"https:\/\/klimasul.com.br\/index.php?rest_route=%2Fwp%2Fv2%2Fproduct_tag&post=981"}],"curies":[{"name":"wp","href":"https:\/\/api.w.org\/{rel}","templated":true}]}}