{"id":982,"date":"2022-01-17T17:26:58","date_gmt":"2022-01-17T19:26:58","guid":{"rendered":"https:\/\/klimasul.com.br\/?post_type=product&#038;p=982"},"modified":"2022-04-06T11:07:53","modified_gmt":"2022-04-06T14:07:53","slug":"td-mixvent-soler-palau","status":"publish","type":"product","link":"https:\/\/klimasul.com.br\/?product=td-mixvent-soler-palau","title":{"rendered":"TD-MIXVENT &#8211; Soler &#038; Palau"},"content":{"rendered":"<p>Ventiladores helicocentr\u00edfugos, de baixo perfil, fabricados em material pl\u00e1stico (at\u00e9 ao modelo 800), ou em chapa de a\u00e7o galvanizado, protegida com pintura epoxi (do modelo 1000 em diante), com caixa de bornes externa, corpo motor desmont\u00e1vel e motor regul\u00e1vel 127V60Hz ou 220V-60Hz, de duas velocidades rolamentos de esferas de lubrifica\u00e7\u00e3o permanente e protetor t\u00e9rmico. Modelos TD-160 e TD-2000, Classe B, IP44. Modelos TD-4000 e TD-6000, Classe F, IP54. Outros dados Os modelos TD-MIXVENT-T incorporam temporizador regul\u00e1vel entre 1 e 30 minutos. Disp\u00f5em de motor de uma velocidade, n\u00e3o regul\u00e1vel. Modelos trif\u00e1sicos regul\u00e1veis atrav\u00e9s de variador de frequ\u00eancia.<\/p>\n<p><img decoding=\"async\" src=\"https:\/\/d26lpennugtm8s.cloudfront.net\/stores\/001\/116\/455\/rte\/E1.png\" alt=\"\" \/><\/p>\n<p><img decoding=\"async\" src=\"https:\/\/d26lpennugtm8s.cloudfront.net\/stores\/001\/116\/455\/rte\/E2.png\" alt=\"\" \/><\/p>\n<p><img decoding=\"async\" src=\"https:\/\/d26lpennugtm8s.cloudfront.net\/stores\/001\/116\/455\/rte\/E3.png\" alt=\"\" \/><img decoding=\"async\" src=\"https:\/\/d26lpennugtm8s.cloudfront.net\/stores\/001\/116\/455\/rte\/E4.png\" alt=\"\" \/><\/p>\n","protected":false},"excerpt":{"rendered":"<h1 class=\"js-product-name h2 h1-md \" data-store=\"product-name-47134892\">TD-MIXVENT &#8211; Soler &amp; Palau<\/h1>\n<p>Ventiladores helicocentr\u00edfugos, de baixo perfil, fabricados em material pl\u00e1stico (at\u00e9 ao modelo 800), ou em chapa de a\u00e7o galvanizado, protegida com pintura epoxi (do modelo 1000 em diante), com caixa de bornes externa, corpo motor desmont\u00e1vel e motor regul\u00e1vel 127V60Hz ou 220V-60Hz, de duas velocidades rolamentos de esferas de lubrifica\u00e7\u00e3o permanente e protetor t\u00e9rmico. Modelos TD-160 e TD-2000, Classe B, IP44. Modelos TD-4000 e TD-6000, Classe F, IP54. Outros dados Os modelos TD-MIXVENT-T incorporam temporizador regul\u00e1vel entre 1 e 30 minutos. Disp\u00f5em de motor de uma velocidade, n\u00e3o regul\u00e1vel. Modelos trif\u00e1sicos regul\u00e1veis atrav\u00e9s de variador de frequ\u00eancia.<\/p>\n","protected":false},"featured_media":1280,"comment_status":"open","ping_status":"closed","template":"","meta":{"inline_featured_image":false},"product_brand":[],"product_cat":[227,186],"product_tag":[],"class_list":{"0":"post-982","1":"product","2":"type-product","3":"status-publish","4":"has-post-thumbnail","6":"product_cat-solerpalau","7":"product_cat-helicocentrifugos-inline","9":"first","10":"instock","11":"shipping-taxable","12":"purchasable","13":"product-type-variable"},"_links":{"self":[{"href":"https:\/\/klimasul.com.br\/index.php?rest_route=\/wp\/v2\/product\/982","targetHints":{"allow":["GET"]}}],"collection":[{"href":"https:\/\/klimasul.com.br\/index.php?rest_route=\/wp\/v2\/product"}],"about":[{"href":"https:\/\/klimasul.com.br\/index.php?rest_route=\/wp\/v2\/types\/product"}],"replies":[{"embeddable":true,"href":"https:\/\/klimasul.com.br\/index.php?rest_route=%2Fwp%2Fv2%2Fcomments&post=982"}],"wp:featuredmedia":[{"embeddable":true,"href":"https:\/\/klimasul.com.br\/index.php?rest_route=\/wp\/v2\/media\/1280"}],"wp:attachment":[{"href":"https:\/\/klimasul.com.br\/index.php?rest_route=%2Fwp%2Fv2%2Fmedia&parent=982"}],"wp:term":[{"taxonomy":"product_brand","embeddable":true,"href":"https:\/\/klimasul.com.br\/index.php?rest_route=%2Fwp%2Fv2%2Fproduct_brand&post=982"},{"taxonomy":"product_cat","embeddable":true,"href":"https:\/\/klimasul.com.br\/index.php?rest_route=%2Fwp%2Fv2%2Fproduct_cat&post=982"},{"taxonomy":"product_tag","embeddable":true,"href":"https:\/\/klimasul.com.br\/index.php?rest_route=%2Fwp%2Fv2%2Fproduct_tag&post=982"}],"curies":[{"name":"wp","href":"https:\/\/api.w.org\/{rel}","templated":true}]}}