{"id":984,"date":"2022-01-17T17:28:21","date_gmt":"2022-01-17T19:28:21","guid":{"rendered":"https:\/\/klimasul.com.br\/?post_type=product&#038;p=984"},"modified":"2022-04-06T11:07:29","modified_gmt":"2022-04-06T14:07:29","slug":"decor-soler-palau","status":"publish","type":"product","link":"https:\/\/klimasul.com.br\/?product=decor-soler-palau","title":{"rendered":"Decor &#8211; Soler &#038; Palau"},"content":{"rendered":"<p>Ventiladores de fluxo axial de\u00a0<strong>linha fina<\/strong>\u00a0para instala\u00e7\u00e3o na parede ou no teto, projetados para remover odores e umidade em pequenas salas e\u00a0banheiros.<\/p>\n<p>A s\u00e9rie DECOR possui f\u00e1cil instala\u00e7\u00e3o, \u00e9 esteticamente agrad\u00e1vel, fina e extremamente silenciosa.<\/p>\n<p>A linha DECOR consiste em tr\u00eas modelos diferentes: DECOR 100, DECOR 200 e DECOR 300, dispon\u00edveis com diferentes op\u00e7\u00f5es de controle integrado para atender a todos os requisitos de aplica\u00e7\u00e3o.<\/p>\n<p>&nbsp;<\/p>\n<p><strong>Decor 100 127v \/ 220v:\u00a0<\/strong><br \/>\nVelocidade (rpm): 2700 \/ 2400<br \/>\nPot\u00eancia absorvida m\u00e1xima (W): 13 \/ 13<br \/>\nVaz\u00e3o em descarga livre (m\u00b3\/h): 95 \/ 80<br \/>\nN\u00edvel de press\u00e3o sonora (dB(A)): 45 \/ 39<br \/>\nClasse de Isolamento \/ Prote\u00e7\u00e3o: II &#8211; IPX4 \/ II &#8211; IPX4<br \/>\nPeso (kg): 0,44 \/ 0,44<br \/>\nTamanho exterior: 158 x 158 mm<\/p>\n<p>&nbsp;<\/p>\n<p><strong>Decor 200 127v \/ 220v:<\/strong><br \/>\nVelocidade (rpm): 2500 \/ 2400<br \/>\nPot\u00eancia absorvida m\u00e1xima (W): 28\u00a0\/ 20<br \/>\nVaz\u00e3o em descarga livre (m\u00b3\/h): 185\u00a0\/ 175<br \/>\nN\u00edvel de press\u00e3o sonora (dB(A)): 49\u00a0\/ 45<br \/>\nClasse de Isolamento \/ Prote\u00e7\u00e3o: II &#8211; IPX4 \/ II &#8211; IPX4<br \/>\nPeso (kg): 0,80\u00a0\/ 0,80<br \/>\nTamanho exterior: 180 x 180 mm<\/p>\n<p>&nbsp;<\/p>\n<p><strong>Decor 300 127v \/ 220v:\u00a0<\/strong><br \/>\nVelocidade (rpm): 2100 \/ 1700<br \/>\nPot\u00eancia absorvida m\u00e1xima (W): 27\u00a0\/ 20<br \/>\nVaz\u00e3o em descarga livre (m\u00b3\/h): 245\u00a0\/ 200<br \/>\nN\u00edvel de press\u00e3o sonora (dB(A)): 50\u00a0\/ 46<br \/>\nClasse de Isolamento \/ Prote\u00e7\u00e3o: II &#8211; IPX44 \/ II &#8211; IPX44<br \/>\nPeso (kg): 1,44\u00a0\/ 1,44<br \/>\nTamanho exterior: 200\u00a0x 200\u00a0mm<\/p>\n","protected":false},"excerpt":{"rendered":"<h1 class=\"js-product-name h2 h1-md \" data-store=\"product-name-46898838\">Decor &#8211; Soler &amp; Palau<\/h1>\n<p>Ventiladores de fluxo axial de\u00a0<strong>linha fina<\/strong>\u00a0para instala\u00e7\u00e3o na parede ou no teto, projetados para remover odores e umidade em pequenas salas e\u00a0banheiros.<\/p>\n<p>A s\u00e9rie DECOR possui f\u00e1cil instala\u00e7\u00e3o, \u00e9 esteticamente agrad\u00e1vel, fina e extremamente silenciosa.<\/p>\n<p>A linha DECOR consiste em tr\u00eas modelos diferentes: DECOR 100, DECOR 200 e DECOR 300, dispon\u00edveis com diferentes op\u00e7\u00f5es de controle integrado para atender a todos os requisitos de aplica\u00e7\u00e3o.<\/p>\n<p>&nbsp;<\/p>\n<p><strong>Decor 100 127v \/ 220v:\u00a0<\/strong><br \/>\nVelocidade (rpm): 2700 \/ 2400<br \/>\nPot\u00eancia absorvida m\u00e1xima (W): 13 \/ 13<br \/>\nVaz\u00e3o em descarga livre (m\u00b3\/h): 95 \/ 80<br \/>\nN\u00edvel de press\u00e3o sonora (dB(A)): 45 \/ 39<br \/>\nClasse de Isolamento \/ Prote\u00e7\u00e3o: II &#8211; IPX4 \/ II &#8211; IPX4<br \/>\nPeso (kg): 0,44 \/ 0,44<br \/>\nTamanho exterior: 158 x 158 mm<\/p>\n<p>&nbsp;<\/p>\n<p><strong>Decor 200 127v \/ 220v:<\/strong><br \/>\nVelocidade (rpm): 2500 \/ 2400<br \/>\nPot\u00eancia absorvida m\u00e1xima (W): 28\u00a0\/ 20<br \/>\nVaz\u00e3o em descarga livre (m\u00b3\/h): 185\u00a0\/ 175<br \/>\nN\u00edvel de press\u00e3o sonora (dB(A)): 49\u00a0\/ 45<br \/>\nClasse de Isolamento \/ Prote\u00e7\u00e3o: II &#8211; IPX4 \/ II &#8211; IPX4<br \/>\nPeso (kg): 0,80\u00a0\/ 0,80<br \/>\nTamanho exterior: 180 x 180 mm<\/p>\n<p>&nbsp;<\/p>\n<p><strong>Decor 300 127v \/ 220v:\u00a0<\/strong><br \/>\nVelocidade (rpm): 2100 \/ 1700<br \/>\nPot\u00eancia absorvida m\u00e1xima (W): 27\u00a0\/ 20<br \/>\nVaz\u00e3o em descarga livre (m\u00b3\/h): 245\u00a0\/ 200<br \/>\nN\u00edvel de press\u00e3o sonora (dB(A)): 50\u00a0\/ 46<br \/>\nClasse de Isolamento \/ Prote\u00e7\u00e3o: II &#8211; IPX44 \/ II &#8211; IPX44<br \/>\nPeso (kg): 1,44\u00a0\/ 1,44<br \/>\nTamanho exterior: 200\u00a0x 200\u00a0mm<\/p>\n<p>&nbsp;<\/p>\n","protected":false},"featured_media":1288,"comment_status":"open","ping_status":"closed","template":"","meta":{"inline_featured_image":false},"product_brand":[],"product_cat":[207,227,37],"product_tag":[],"class_list":{"0":"post-984","1":"product","2":"type-product","3":"status-publish","4":"has-post-thumbnail","6":"product_cat-exaustores-de-banheiro","7":"product_cat-solerpalau","8":"product_cat-otam-e-sp","10":"first","11":"instock","12":"shipping-taxable","13":"purchasable","14":"product-type-variable"},"_links":{"self":[{"href":"https:\/\/klimasul.com.br\/index.php?rest_route=\/wp\/v2\/product\/984","targetHints":{"allow":["GET"]}}],"collection":[{"href":"https:\/\/klimasul.com.br\/index.php?rest_route=\/wp\/v2\/product"}],"about":[{"href":"https:\/\/klimasul.com.br\/index.php?rest_route=\/wp\/v2\/types\/product"}],"replies":[{"embeddable":true,"href":"https:\/\/klimasul.com.br\/index.php?rest_route=%2Fwp%2Fv2%2Fcomments&post=984"}],"wp:featuredmedia":[{"embeddable":true,"href":"https:\/\/klimasul.com.br\/index.php?rest_route=\/wp\/v2\/media\/1288"}],"wp:attachment":[{"href":"https:\/\/klimasul.com.br\/index.php?rest_route=%2Fwp%2Fv2%2Fmedia&parent=984"}],"wp:term":[{"taxonomy":"product_brand","embeddable":true,"href":"https:\/\/klimasul.com.br\/index.php?rest_route=%2Fwp%2Fv2%2Fproduct_brand&post=984"},{"taxonomy":"product_cat","embeddable":true,"href":"https:\/\/klimasul.com.br\/index.php?rest_route=%2Fwp%2Fv2%2Fproduct_cat&post=984"},{"taxonomy":"product_tag","embeddable":true,"href":"https:\/\/klimasul.com.br\/index.php?rest_route=%2Fwp%2Fv2%2Fproduct_tag&post=984"}],"curies":[{"name":"wp","href":"https:\/\/api.w.org\/{rel}","templated":true}]}}