{"id":985,"date":"2022-01-17T17:29:15","date_gmt":"2022-01-17T19:29:15","guid":{"rendered":"https:\/\/klimasul.com.br\/?post_type=product&#038;p=985"},"modified":"2025-02-12T23:35:50","modified_gmt":"2025-02-13T02:35:50","slug":"silent-design-soler-palau","status":"publish","type":"product","link":"https:\/\/klimasul.com.br\/?product=silent-design-soler-palau","title":{"rendered":"Silent Design &#8211; Soler &#038; Palau"},"content":{"rendered":"<p>O\u00a0exaustor para banheiro\u00a0da linha\u00a0SILENT DESIGN, possuem v\u00e1lvula anti-retorno incorporada ao equipamento, motor montado sobre &#8220;silent blocks&#8221; absorvem as vibra\u00e7\u00f5es e o tornam o equipamento mais silencioso do mercado, podendo ser instalado no teto ou parede.<\/p>\n<p>O\u00a0exaustor para banheiro\u00a0da linha\u00a0SILENT DESIGN,\u00a0al\u00e9m da placa design que agrega\u00a0design europeu\u00a0conta ainda com 4 tiras transparentes coloridas intercambi\u00e1veis o que faz desse equipamento um conceito de exaust\u00e3o de banheiros e outros ambientes, como:\u00a0<strong>Lavabos, banheiros, salas, quartos, closets, escrit\u00f3rios, salas de reuni\u00f5es, consult\u00f3rios, lojas, provadores e garagens.<\/strong><br \/>\nCaracter\u00edsticas Silent Design 100:<\/p>\n<p>Velocidade (rpm): 2015 \/ 1860<br \/>\nPot\u00eancia absorvida m\u00e1xima (W): 8 \/ 8<br \/>\nTens\u00e3o (V) 60 Hz: 127v \/\u00a0220v<br \/>\nN\u00edvel de press\u00e3o sonora (dB(A)): 37 \/ 34<br \/>\nVaz\u00e3o de descarga livre (m\u00b3\/h): 83 \/ 72<br \/>\nPeso (kg): 0,65<\/p>\n<p>Caracter\u00edsticas Silent Design 200:<\/p>\n<p>Velocidade (rpm): 2610 \/ 2105<br \/>\nPot\u00eancia absorvida m\u00e1xima (W): 20\u00a0\/ 16<br \/>\nTens\u00e3o (V) 60 Hz: 127v \/\u00a0220v<br \/>\nN\u00edvel de press\u00e3o sonora (dB(A)): 47 \/ 43<br \/>\nVaz\u00e3o de descarga livre (m\u00b3\/h): 195\u00a0\/ 160<br \/>\nPeso (kg): 0,88<\/p>\n","protected":false},"excerpt":{"rendered":"<h1 class=\"js-product-name h2 h1-md \" data-store=\"product-name-46699090\">Silent Design &#8211; Soler &amp; Palau<\/h1>\n<p>O\u00a0exaustor para banheiro\u00a0da linha\u00a0SILENT DESIGN, possuem v\u00e1lvula anti-retorno incorporada ao equipamento, motor montado sobre &#8220;silent blocks&#8221; absorvem as vibra\u00e7\u00f5es e o tornam o equipamento mais silencioso do mercado, podendo ser instalado no teto ou parede.<\/p>\n","protected":false},"featured_media":1608,"comment_status":"open","ping_status":"closed","template":"","meta":{"inline_featured_image":false},"product_brand":[],"product_cat":[207,227,37],"product_tag":[],"class_list":{"0":"post-985","1":"product","2":"type-product","3":"status-publish","4":"has-post-thumbnail","6":"product_cat-exaustores-de-banheiro","7":"product_cat-solerpalau","8":"product_cat-otam-e-sp","10":"first","11":"instock","12":"shipping-taxable","13":"purchasable","14":"product-type-variable"},"_links":{"self":[{"href":"https:\/\/klimasul.com.br\/index.php?rest_route=\/wp\/v2\/product\/985","targetHints":{"allow":["GET"]}}],"collection":[{"href":"https:\/\/klimasul.com.br\/index.php?rest_route=\/wp\/v2\/product"}],"about":[{"href":"https:\/\/klimasul.com.br\/index.php?rest_route=\/wp\/v2\/types\/product"}],"replies":[{"embeddable":true,"href":"https:\/\/klimasul.com.br\/index.php?rest_route=%2Fwp%2Fv2%2Fcomments&post=985"}],"wp:featuredmedia":[{"embeddable":true,"href":"https:\/\/klimasul.com.br\/index.php?rest_route=\/wp\/v2\/media\/1608"}],"wp:attachment":[{"href":"https:\/\/klimasul.com.br\/index.php?rest_route=%2Fwp%2Fv2%2Fmedia&parent=985"}],"wp:term":[{"taxonomy":"product_brand","embeddable":true,"href":"https:\/\/klimasul.com.br\/index.php?rest_route=%2Fwp%2Fv2%2Fproduct_brand&post=985"},{"taxonomy":"product_cat","embeddable":true,"href":"https:\/\/klimasul.com.br\/index.php?rest_route=%2Fwp%2Fv2%2Fproduct_cat&post=985"},{"taxonomy":"product_tag","embeddable":true,"href":"https:\/\/klimasul.com.br\/index.php?rest_route=%2Fwp%2Fv2%2Fproduct_tag&post=985"}],"curies":[{"name":"wp","href":"https:\/\/api.w.org\/{rel}","templated":true}]}}